{"id":8991,"date":"2025-01-21T14:23:57","date_gmt":"2025-01-21T17:23:57","guid":{"rendered":"https:\/\/www.modeloshostnet.com\/bessshop\/?post_type=product&#038;p=8991"},"modified":"2025-02-03T15:07:04","modified_gmt":"2025-02-03T18:07:04","slug":"toca-disco-technics-sl-1200mk7-silver","status":"publish","type":"product","link":"https:\/\/www.modeloshostnet.com\/bessshop\/produto\/toca-disco-technics-sl-1200mk7-silver\/","title":{"rendered":"TOCA DISCO TECHNICS \u2026"},"content":{"rendered":"","protected":false},"excerpt":{"rendered":"<p>DJs em busca de um toca-discos profissional, bem constru\u00eddo e com excelente som se alegrar\u00e3o com o sistema de toca-discos de acionamento direto Technics SL-1200MK7. Nesta s\u00e9tima vers\u00e3o, o SL1200 oferece melhorias significativas para a tecnologia anal\u00f3gica e digital, incluindo motor de acionamento direto sem n\u00facleo e controle de motor digital de precis\u00e3o, que eliminam as irregularidades de rota\u00e7\u00e3o. A mais recente tecnologia de microcomputador \u00e9 utilizada para controle avan\u00e7ado do motor, o que garante alto desempenho em rota\u00e7\u00e3o normal e responde com precis\u00e3o a uma ampla variedade de estilos de reprodu\u00e7\u00e3o de DJ, como scratch. Al\u00e9m disso, o torque de partida e a velocidade do freio podem ser ajustados individualmente de acordo com a prefer\u00eancia do usu\u00e1rio. Al\u00e9m disso, pressionando o bot\u00e3o Speed Selector e Start\/Stop simultaneamente, o prato inverte a dire\u00e7\u00e3o, adicionando um novo n\u00edvel de possibilidades de desempenho.<\/p>\n","protected":false},"featured_media":9026,"comment_status":"closed","ping_status":"closed","template":"","meta":{"site-sidebar-layout":"default","site-content-layout":"","ast-site-content-layout":"default","site-content-style":"default","site-sidebar-style":"default","ast-global-header-display":"","ast-banner-title-visibility":"","ast-main-header-display":"","ast-hfb-above-header-display":"","ast-hfb-below-header-display":"","ast-hfb-mobile-header-display":"","site-post-title":"","ast-breadcrumbs-content":"","ast-featured-img":"","footer-sml-layout":"","ast-disable-related-posts":"","theme-transparent-header-meta":"","adv-header-id-meta":"","stick-header-meta":"","header-above-stick-meta":"","header-main-stick-meta":"","header-below-stick-meta":"","astra-migrate-meta-layouts":"default","ast-page-background-enabled":"default","ast-page-background-meta":{"desktop":{"background-color":"","background-image":"","background-repeat":"repeat","background-position":"center center","background-size":"auto","background-attachment":"scroll","background-type":"","background-media":"","overlay-type":"","overlay-color":"","overlay-opacity":"","overlay-gradient":""},"tablet":{"background-color":"","background-image":"","background-repeat":"repeat","background-position":"center center","background-size":"auto","background-attachment":"scroll","background-type":"","background-media":"","overlay-type":"","overlay-color":"","overlay-opacity":"","overlay-gradient":""},"mobile":{"background-color":"","background-image":"","background-repeat":"repeat","background-position":"center center","background-size":"auto","background-attachment":"scroll","background-type":"","background-media":"","overlay-type":"","overlay-color":"","overlay-opacity":"","overlay-gradient":""}},"ast-content-background-meta":{"desktop":{"background-color":"var(--ast-global-color-5)","background-image":"","background-repeat":"repeat","background-position":"center center","background-size":"auto","background-attachment":"scroll","background-type":"","background-media":"","overlay-type":"","overlay-color":"","overlay-opacity":"","overlay-gradient":""},"tablet":{"background-color":"var(--ast-global-color-5)","background-image":"","background-repeat":"repeat","background-position":"center center","background-size":"auto","background-attachment":"scroll","background-type":"","background-media":"","overlay-type":"","overlay-color":"","overlay-opacity":"","overlay-gradient":""},"mobile":{"background-color":"var(--ast-global-color-5)","background-image":"","background-repeat":"repeat","background-position":"center center","background-size":"auto","background-attachment":"scroll","background-type":"","background-media":"","overlay-type":"","overlay-color":"","overlay-opacity":"","overlay-gradient":""}}},"product_brand":[],"product_cat":[125,297],"product_tag":[],"class_list":{"0":"post-8991","1":"product","2":"type-product","3":"status-publish","4":"has-post-thumbnail","6":"product_cat-pro-dj","7":"product_cat-toca-discos-dj","8":"desktop-align-center","9":"tablet-align-center","10":"mobile-align-center","11":"ast-product-gallery-layout-horizontal","12":"ast-product-tabs-layout-horizontal","14":"first","15":"instock","16":"taxable","17":"shipping-taxable","18":"purchasable","19":"product-type-simple"},"_links":{"self":[{"href":"https:\/\/www.modeloshostnet.com\/bessshop\/wp-json\/wp\/v2\/product\/8991","targetHints":{"allow":["GET"]}}],"collection":[{"href":"https:\/\/www.modeloshostnet.com\/bessshop\/wp-json\/wp\/v2\/product"}],"about":[{"href":"https:\/\/www.modeloshostnet.com\/bessshop\/wp-json\/wp\/v2\/types\/product"}],"replies":[{"embeddable":true,"href":"https:\/\/www.modeloshostnet.com\/bessshop\/wp-json\/wp\/v2\/comments?post=8991"}],"wp:featuredmedia":[{"embeddable":true,"href":"https:\/\/www.modeloshostnet.com\/bessshop\/wp-json\/wp\/v2\/media\/9026"}],"wp:attachment":[{"href":"https:\/\/www.modeloshostnet.com\/bessshop\/wp-json\/wp\/v2\/media?parent=8991"}],"wp:term":[{"taxonomy":"product_brand","embeddable":true,"href":"https:\/\/www.modeloshostnet.com\/bessshop\/wp-json\/wp\/v2\/product_brand?post=8991"},{"taxonomy":"product_cat","embeddable":true,"href":"https:\/\/www.modeloshostnet.com\/bessshop\/wp-json\/wp\/v2\/product_cat?post=8991"},{"taxonomy":"product_tag","embeddable":true,"href":"https:\/\/www.modeloshostnet.com\/bessshop\/wp-json\/wp\/v2\/product_tag?post=8991"}],"curies":[{"name":"wp","href":"https:\/\/api.w.org\/{rel}","templated":true}]}}