{"id":8856,"date":"2025-01-21T13:45:25","date_gmt":"2025-01-21T16:45:25","guid":{"rendered":"https:\/\/www.modeloshostnet.com\/bessshop\/?post_type=product&#038;p=8856"},"modified":"2025-02-03T14:49:20","modified_gmt":"2025-02-03T17:49:20","slug":"corda-de-violao-elixir-nanoweb-ex16102-0-13","status":"publish","type":"product","link":"https:\/\/www.modeloshostnet.com\/bessshop\/produto\/corda-de-violao-elixir-nanoweb-ex16102-0-13\/","title":{"rendered":"CORDA DE VIOLAO ELIX\u2026"},"content":{"rendered":"","protected":false},"excerpt":{"rendered":"<p>As Cordas Elixir\u00ae, 80\/20 Bronze para Viol\u00e3o A\u00e7o com Revestimento NANOWEB possuem timbre vivo e cristalino, al\u00e9m da vida longa do timbre que os m\u00fasicos esperam de Elixir Strings.<br \/>\n&#8211; Elixir Strings, #1 em cordas para viol\u00e3o a\u00e7o*<br \/>\n&#8211; \u00danica marca que oferece revestimento ultrafino que cobre toda a corda, mantendo os espa\u00e7os entre os enrolamentos protegidos da sujeira e oleosidade<br \/>\n&#8211; Vida \u00fatil do timbre estendida \u2013 m\u00fasicos nos relatam que o timbre dura mais que o de qualquer outra corda, revestida ou n\u00e3o<br \/>\n&#8211; Desempenho e timbre consistentes \u2013 seu instrumento sempre pronto para tocar<br \/>\n&#8211; Pegada natural e suave para seus dedos, melhorando a tocabilidade<br \/>\n&#8211; Menos ru\u00eddos indesej\u00e1veis \u2013 \u00f3timas para o palco e para o est\u00fadio<br \/>\n&#8211; Anti-Rust Plated Plain Steel Strings previne a oxida\u00e7\u00e3o das cordas lisas, prolongando a vida \u00fatil do timbre do jogo completo<br \/>\n&#8211; Menos inc\u00f4modo e gasto de frequentes trocas de cordas, mais tempo para toca<\/p>\n","protected":false},"featured_media":8902,"comment_status":"closed","ping_status":"closed","template":"","meta":{"site-sidebar-layout":"default","site-content-layout":"","ast-site-content-layout":"default","site-content-style":"default","site-sidebar-style":"default","ast-global-header-display":"","ast-banner-title-visibility":"","ast-main-header-display":"","ast-hfb-above-header-display":"","ast-hfb-below-header-display":"","ast-hfb-mobile-header-display":"","site-post-title":"","ast-breadcrumbs-content":"","ast-featured-img":"","footer-sml-layout":"","ast-disable-related-posts":"","theme-transparent-header-meta":"","adv-header-id-meta":"","stick-header-meta":"","header-above-stick-meta":"","header-main-stick-meta":"","header-below-stick-meta":"","astra-migrate-meta-layouts":"default","ast-page-background-enabled":"default","ast-page-background-meta":{"desktop":{"background-color":"","background-image":"","background-repeat":"repeat","background-position":"center center","background-size":"auto","background-attachment":"scroll","background-type":"","background-media":"","overlay-type":"","overlay-color":"","overlay-opacity":"","overlay-gradient":""},"tablet":{"background-color":"","background-image":"","background-repeat":"repeat","background-position":"center center","background-size":"auto","background-attachment":"scroll","background-type":"","background-media":"","overlay-type":"","overlay-color":"","overlay-opacity":"","overlay-gradient":""},"mobile":{"background-color":"","background-image":"","background-repeat":"repeat","background-position":"center center","background-size":"auto","background-attachment":"scroll","background-type":"","background-media":"","overlay-type":"","overlay-color":"","overlay-opacity":"","overlay-gradient":""}},"ast-content-background-meta":{"desktop":{"background-color":"var(--ast-global-color-5)","background-image":"","background-repeat":"repeat","background-position":"center center","background-size":"auto","background-attachment":"scroll","background-type":"","background-media":"","overlay-type":"","overlay-color":"","overlay-opacity":"","overlay-gradient":""},"tablet":{"background-color":"var(--ast-global-color-5)","background-image":"","background-repeat":"repeat","background-position":"center center","background-size":"auto","background-attachment":"scroll","background-type":"","background-media":"","overlay-type":"","overlay-color":"","overlay-opacity":"","overlay-gradient":""},"mobile":{"background-color":"var(--ast-global-color-5)","background-image":"","background-repeat":"repeat","background-position":"center center","background-size":"auto","background-attachment":"scroll","background-type":"","background-media":"","overlay-type":"","overlay-color":"","overlay-opacity":"","overlay-gradient":""}}},"product_brand":[],"product_cat":[276,246,279],"product_tag":[],"class_list":{"0":"post-8856","1":"product","2":"type-product","3":"status-publish","4":"has-post-thumbnail","6":"product_cat-cordas-im","7":"product_cat-instrumentos-musicales","8":"product_cat-violoes-im","9":"desktop-align-center","10":"tablet-align-center","11":"mobile-align-center","12":"ast-product-gallery-layout-horizontal","13":"ast-product-tabs-layout-horizontal","15":"first","16":"instock","17":"taxable","18":"shipping-taxable","19":"purchasable","20":"product-type-simple"},"_links":{"self":[{"href":"https:\/\/www.modeloshostnet.com\/bessshop\/wp-json\/wp\/v2\/product\/8856","targetHints":{"allow":["GET"]}}],"collection":[{"href":"https:\/\/www.modeloshostnet.com\/bessshop\/wp-json\/wp\/v2\/product"}],"about":[{"href":"https:\/\/www.modeloshostnet.com\/bessshop\/wp-json\/wp\/v2\/types\/product"}],"replies":[{"embeddable":true,"href":"https:\/\/www.modeloshostnet.com\/bessshop\/wp-json\/wp\/v2\/comments?post=8856"}],"wp:featuredmedia":[{"embeddable":true,"href":"https:\/\/www.modeloshostnet.com\/bessshop\/wp-json\/wp\/v2\/media\/8902"}],"wp:attachment":[{"href":"https:\/\/www.modeloshostnet.com\/bessshop\/wp-json\/wp\/v2\/media?parent=8856"}],"wp:term":[{"taxonomy":"product_brand","embeddable":true,"href":"https:\/\/www.modeloshostnet.com\/bessshop\/wp-json\/wp\/v2\/product_brand?post=8856"},{"taxonomy":"product_cat","embeddable":true,"href":"https:\/\/www.modeloshostnet.com\/bessshop\/wp-json\/wp\/v2\/product_cat?post=8856"},{"taxonomy":"product_tag","embeddable":true,"href":"https:\/\/www.modeloshostnet.com\/bessshop\/wp-json\/wp\/v2\/product_tag?post=8856"}],"curies":[{"name":"wp","href":"https:\/\/api.w.org\/{rel}","templated":true}]}}