{"id":8855,"date":"2025-01-21T13:45:25","date_gmt":"2025-01-21T16:45:25","guid":{"rendered":"https:\/\/www.modeloshostnet.com\/bessshop\/?post_type=product&#038;p=8855"},"modified":"2025-02-03T14:49:20","modified_gmt":"2025-02-03T17:49:20","slug":"corda-de-violao-elixir-nanoweb-ex16052-0-12","status":"publish","type":"product","link":"https:\/\/www.modeloshostnet.com\/bessshop\/produto\/corda-de-violao-elixir-nanoweb-ex16052-0-12\/","title":{"rendered":"CORDA DE VIOLAO ELIX\u2026"},"content":{"rendered":"","protected":false},"excerpt":{"rendered":"<p>Nem todas as cordas da guitarra s\u00e3o criadas iguais. Mesmo depois de algumas horas de jogo, sujeira, suor, oleosidade da pele e outros detritos se acumulam entre os enrolamentos da corda, causando corros\u00e3o no metal. O resultado \u00e9 um &#8220;amortecimento&#8221; percept\u00edvel da qualidade tonal da corda, o que pode acontecer muito rapidamente com cordas n\u00e3o revestidas.<br \/>\nAs cordas Elixir Phosphor Bronze come\u00e7am com cordas de a\u00e7o liso antiferrugem que s\u00e3o resistentes \u00e0 corros\u00e3o. Eles fornecem uma sensa\u00e7\u00e3o limpa e um tom brilhante e vibrante. Tanto o n\u00facleo de a\u00e7o quanto seu enrolamento de bronze de f\u00f3sforo s\u00e3o ent\u00e3o tratados com o revestimento de pol\u00edmero Nanoweb patenteado da Elixir que envolve completamente a coluna inteira. Isso resulta em um tom rico e duradouro com harm\u00f4nicos de alta frequ\u00eancia mais aud\u00edveis. O Nanoweb ultrafino oferece a sensa\u00e7\u00e3o natural de cordas n\u00e3o tratadas sem sacrificar essa prote\u00e7\u00e3o importante. Este produto revolucion\u00e1rio \u00e9 de grande valor, pois significa um som din\u00e2mico e animado com mudan\u00e7as de cordas menos frequentes e menos compras de cordas.<br \/>\n-Cordas ac\u00fasticas de guitarra feitas com fio de bronze fosfo.<br \/>\n-Tocado para um equil\u00edbrio din\u00e2mico de tom rico, encorpado e clareza de alta qualidade brilhante.<br \/>\n-O revestimento Nanoweb ultrafino oferece uma sensa\u00e7\u00e3o tradicionalmente texturizada e sem revestimento.<\/p>\n","protected":false},"featured_media":8899,"comment_status":"closed","ping_status":"closed","template":"","meta":{"site-sidebar-layout":"default","site-content-layout":"","ast-site-content-layout":"default","site-content-style":"default","site-sidebar-style":"default","ast-global-header-display":"","ast-banner-title-visibility":"","ast-main-header-display":"","ast-hfb-above-header-display":"","ast-hfb-below-header-display":"","ast-hfb-mobile-header-display":"","site-post-title":"","ast-breadcrumbs-content":"","ast-featured-img":"","footer-sml-layout":"","ast-disable-related-posts":"","theme-transparent-header-meta":"","adv-header-id-meta":"","stick-header-meta":"","header-above-stick-meta":"","header-main-stick-meta":"","header-below-stick-meta":"","astra-migrate-meta-layouts":"default","ast-page-background-enabled":"default","ast-page-background-meta":{"desktop":{"background-color":"","background-image":"","background-repeat":"repeat","background-position":"center center","background-size":"auto","background-attachment":"scroll","background-type":"","background-media":"","overlay-type":"","overlay-color":"","overlay-opacity":"","overlay-gradient":""},"tablet":{"background-color":"","background-image":"","background-repeat":"repeat","background-position":"center center","background-size":"auto","background-attachment":"scroll","background-type":"","background-media":"","overlay-type":"","overlay-color":"","overlay-opacity":"","overlay-gradient":""},"mobile":{"background-color":"","background-image":"","background-repeat":"repeat","background-position":"center center","background-size":"auto","background-attachment":"scroll","background-type":"","background-media":"","overlay-type":"","overlay-color":"","overlay-opacity":"","overlay-gradient":""}},"ast-content-background-meta":{"desktop":{"background-color":"var(--ast-global-color-5)","background-image":"","background-repeat":"repeat","background-position":"center center","background-size":"auto","background-attachment":"scroll","background-type":"","background-media":"","overlay-type":"","overlay-color":"","overlay-opacity":"","overlay-gradient":""},"tablet":{"background-color":"var(--ast-global-color-5)","background-image":"","background-repeat":"repeat","background-position":"center center","background-size":"auto","background-attachment":"scroll","background-type":"","background-media":"","overlay-type":"","overlay-color":"","overlay-opacity":"","overlay-gradient":""},"mobile":{"background-color":"var(--ast-global-color-5)","background-image":"","background-repeat":"repeat","background-position":"center center","background-size":"auto","background-attachment":"scroll","background-type":"","background-media":"","overlay-type":"","overlay-color":"","overlay-opacity":"","overlay-gradient":""}}},"product_brand":[],"product_cat":[276,246,279],"product_tag":[],"class_list":{"0":"post-8855","1":"product","2":"type-product","3":"status-publish","4":"has-post-thumbnail","6":"product_cat-cordas-im","7":"product_cat-instrumentos-musicales","8":"product_cat-violoes-im","9":"desktop-align-center","10":"tablet-align-center","11":"mobile-align-center","12":"ast-product-gallery-layout-horizontal","13":"ast-product-tabs-layout-horizontal","15":"first","16":"instock","17":"taxable","18":"shipping-taxable","19":"purchasable","20":"product-type-simple"},"_links":{"self":[{"href":"https:\/\/www.modeloshostnet.com\/bessshop\/wp-json\/wp\/v2\/product\/8855","targetHints":{"allow":["GET"]}}],"collection":[{"href":"https:\/\/www.modeloshostnet.com\/bessshop\/wp-json\/wp\/v2\/product"}],"about":[{"href":"https:\/\/www.modeloshostnet.com\/bessshop\/wp-json\/wp\/v2\/types\/product"}],"replies":[{"embeddable":true,"href":"https:\/\/www.modeloshostnet.com\/bessshop\/wp-json\/wp\/v2\/comments?post=8855"}],"wp:featuredmedia":[{"embeddable":true,"href":"https:\/\/www.modeloshostnet.com\/bessshop\/wp-json\/wp\/v2\/media\/8899"}],"wp:attachment":[{"href":"https:\/\/www.modeloshostnet.com\/bessshop\/wp-json\/wp\/v2\/media?parent=8855"}],"wp:term":[{"taxonomy":"product_brand","embeddable":true,"href":"https:\/\/www.modeloshostnet.com\/bessshop\/wp-json\/wp\/v2\/product_brand?post=8855"},{"taxonomy":"product_cat","embeddable":true,"href":"https:\/\/www.modeloshostnet.com\/bessshop\/wp-json\/wp\/v2\/product_cat?post=8855"},{"taxonomy":"product_tag","embeddable":true,"href":"https:\/\/www.modeloshostnet.com\/bessshop\/wp-json\/wp\/v2\/product_tag?post=8855"}],"curies":[{"name":"wp","href":"https:\/\/api.w.org\/{rel}","templated":true}]}}