{"id":8851,"date":"2025-01-21T13:45:25","date_gmt":"2025-01-21T16:45:25","guid":{"rendered":"https:\/\/www.modeloshostnet.com\/bessshop\/?post_type=product&#038;p=8851"},"modified":"2025-02-03T14:50:48","modified_gmt":"2025-02-03T17:50:48","slug":"corda-de-guitarra-elixir-nw-nckl-lt-16542x-3pack","status":"publish","type":"product","link":"https:\/\/www.modeloshostnet.com\/bessshop\/produto\/corda-de-guitarra-elixir-nw-nckl-lt-16542x-3pack\/","title":{"rendered":"CORDA DE GUITARRA EL\u2026"},"content":{"rendered":"","protected":false},"excerpt":{"rendered":"<p>As cordas de a\u00e7o niquelado el\u00e9trico Elixir com revestimento NANOWEB\u00a9 oferecem a presen\u00e7a, o soco e a personalidade das cordas de guitarra el\u00e9trica tradicionais, mas com vida \u00fatil prolongada do timbre. \u00danica marca de cordas revestidas para proteger toda a corda com um revestimento ultrafino, mantendo a gosma fora dos espa\u00e7os entre os enrolamentos. Os tocadores Extended Tone Life relatam que seu tom dura mais do que qualquer outra corda, n\u00e3o revestida ou revestida.<br \/>\n-Desempenho consistente e tom pronto para tocar sempre que voc\u00ea estiver.<br \/>\n-Sensa\u00e7\u00e3o suave que \u00e9 f\u00e1cil para os dedos e melhora a jogabilidade<br \/>\n-Barulho de dedo reduzido, bom tanto para desempenho quanto para grava\u00e7\u00e3o<br \/>\n-As cordas de a\u00e7o liso revestidas antiferrugem resistem \u00e0 corros\u00e3o de amortecimento do tom, garantindo uma vida \u00fatil mais longa para todo o conjunto<br \/>\n-Com menos problemas e despesas com trocas frequentes de cordas, passe mais tempo fazendo m\u00fasica<\/p>\n","protected":false},"featured_media":8888,"comment_status":"closed","ping_status":"closed","template":"","meta":{"site-sidebar-layout":"default","site-content-layout":"","ast-site-content-layout":"default","site-content-style":"default","site-sidebar-style":"default","ast-global-header-display":"","ast-banner-title-visibility":"","ast-main-header-display":"","ast-hfb-above-header-display":"","ast-hfb-below-header-display":"","ast-hfb-mobile-header-display":"","site-post-title":"","ast-breadcrumbs-content":"","ast-featured-img":"","footer-sml-layout":"","ast-disable-related-posts":"","theme-transparent-header-meta":"","adv-header-id-meta":"","stick-header-meta":"","header-above-stick-meta":"","header-main-stick-meta":"","header-below-stick-meta":"","astra-migrate-meta-layouts":"default","ast-page-background-enabled":"default","ast-page-background-meta":{"desktop":{"background-color":"","background-image":"","background-repeat":"repeat","background-position":"center center","background-size":"auto","background-attachment":"scroll","background-type":"","background-media":"","overlay-type":"","overlay-color":"","overlay-opacity":"","overlay-gradient":""},"tablet":{"background-color":"","background-image":"","background-repeat":"repeat","background-position":"center center","background-size":"auto","background-attachment":"scroll","background-type":"","background-media":"","overlay-type":"","overlay-color":"","overlay-opacity":"","overlay-gradient":""},"mobile":{"background-color":"","background-image":"","background-repeat":"repeat","background-position":"center center","background-size":"auto","background-attachment":"scroll","background-type":"","background-media":"","overlay-type":"","overlay-color":"","overlay-opacity":"","overlay-gradient":""}},"ast-content-background-meta":{"desktop":{"background-color":"var(--ast-global-color-5)","background-image":"","background-repeat":"repeat","background-position":"center center","background-size":"auto","background-attachment":"scroll","background-type":"","background-media":"","overlay-type":"","overlay-color":"","overlay-opacity":"","overlay-gradient":""},"tablet":{"background-color":"var(--ast-global-color-5)","background-image":"","background-repeat":"repeat","background-position":"center center","background-size":"auto","background-attachment":"scroll","background-type":"","background-media":"","overlay-type":"","overlay-color":"","overlay-opacity":"","overlay-gradient":""},"mobile":{"background-color":"var(--ast-global-color-5)","background-image":"","background-repeat":"repeat","background-position":"center center","background-size":"auto","background-attachment":"scroll","background-type":"","background-media":"","overlay-type":"","overlay-color":"","overlay-opacity":"","overlay-gradient":""}}},"product_brand":[],"product_cat":[276,280,246],"product_tag":[],"class_list":{"0":"post-8851","1":"product","2":"type-product","3":"status-publish","4":"has-post-thumbnail","6":"product_cat-cordas-im","7":"product_cat-guitarras-im","8":"product_cat-instrumentos-musicales","9":"desktop-align-center","10":"tablet-align-center","11":"mobile-align-center","12":"ast-product-gallery-layout-horizontal","13":"ast-product-tabs-layout-horizontal","15":"first","16":"instock","17":"taxable","18":"shipping-taxable","19":"purchasable","20":"product-type-simple"},"_links":{"self":[{"href":"https:\/\/www.modeloshostnet.com\/bessshop\/wp-json\/wp\/v2\/product\/8851","targetHints":{"allow":["GET"]}}],"collection":[{"href":"https:\/\/www.modeloshostnet.com\/bessshop\/wp-json\/wp\/v2\/product"}],"about":[{"href":"https:\/\/www.modeloshostnet.com\/bessshop\/wp-json\/wp\/v2\/types\/product"}],"replies":[{"embeddable":true,"href":"https:\/\/www.modeloshostnet.com\/bessshop\/wp-json\/wp\/v2\/comments?post=8851"}],"wp:featuredmedia":[{"embeddable":true,"href":"https:\/\/www.modeloshostnet.com\/bessshop\/wp-json\/wp\/v2\/media\/8888"}],"wp:attachment":[{"href":"https:\/\/www.modeloshostnet.com\/bessshop\/wp-json\/wp\/v2\/media?parent=8851"}],"wp:term":[{"taxonomy":"product_brand","embeddable":true,"href":"https:\/\/www.modeloshostnet.com\/bessshop\/wp-json\/wp\/v2\/product_brand?post=8851"},{"taxonomy":"product_cat","embeddable":true,"href":"https:\/\/www.modeloshostnet.com\/bessshop\/wp-json\/wp\/v2\/product_cat?post=8851"},{"taxonomy":"product_tag","embeddable":true,"href":"https:\/\/www.modeloshostnet.com\/bessshop\/wp-json\/wp\/v2\/product_tag?post=8851"}],"curies":[{"name":"wp","href":"https:\/\/api.w.org\/{rel}","templated":true}]}}