{"id":8849,"date":"2025-01-21T13:45:25","date_gmt":"2025-01-21T16:45:25","guid":{"rendered":"https:\/\/www.modeloshostnet.com\/bessshop\/?post_type=product&#038;p=8849"},"modified":"2025-02-03T14:50:47","modified_gmt":"2025-02-03T17:50:47","slug":"corda-de-guitarra-elixir-nanoweb-ex12052-nckl-0-10","status":"publish","type":"product","link":"https:\/\/www.modeloshostnet.com\/bessshop\/produto\/corda-de-guitarra-elixir-nanoweb-ex12052-nckl-0-10\/","title":{"rendered":"CORDA DE GUITARRA EL\u2026"},"content":{"rendered":"","protected":false},"excerpt":{"rendered":"<p>As cordas el\u00e9tricas de a\u00e7o niquelado Elixir com revestimento nanoweb proporcionam a presen\u00e7a, o vigor e a personalidade das cordas de viol\u00e3o el\u00e9trico tradicional, mas com vida \u00fatil prolongada.<br \/>\n-Apenas marca de string revestida para proteger toda a string com um revestimento ultrafino, mantendo a sujeira fora das lacunas entre os enrolamentos<br \/>\n-Vida estendida do tom &#8211; os jogadores relatam que seu tom dura mais do que qualquer outra corda, sem revestimento ou revestido<br \/>\n-Desempenho e tom consistentes &#8211; pronto para tocar quando voc\u00ea estiver<br \/>\n-Sensa\u00e7\u00e3o suave, f\u00e1cil para seus dedos e melhora a jogabilidade<br \/>\n-Ru\u00eddo de dedo reduzido &#8211; bom para desempenho e grava\u00e7\u00e3o<br \/>\n-As cordas de a\u00e7o liso revestidas com anti-ferrugem resistem \u00e0 corros\u00e3o de amortecimento do tom, garantindo uma vida mais longa para todo o conjunto<\/p>\n","protected":false},"featured_media":8882,"comment_status":"closed","ping_status":"closed","template":"","meta":{"site-sidebar-layout":"default","site-content-layout":"","ast-site-content-layout":"default","site-content-style":"default","site-sidebar-style":"default","ast-global-header-display":"","ast-banner-title-visibility":"","ast-main-header-display":"","ast-hfb-above-header-display":"","ast-hfb-below-header-display":"","ast-hfb-mobile-header-display":"","site-post-title":"","ast-breadcrumbs-content":"","ast-featured-img":"","footer-sml-layout":"","ast-disable-related-posts":"","theme-transparent-header-meta":"","adv-header-id-meta":"","stick-header-meta":"","header-above-stick-meta":"","header-main-stick-meta":"","header-below-stick-meta":"","astra-migrate-meta-layouts":"default","ast-page-background-enabled":"default","ast-page-background-meta":{"desktop":{"background-color":"","background-image":"","background-repeat":"repeat","background-position":"center center","background-size":"auto","background-attachment":"scroll","background-type":"","background-media":"","overlay-type":"","overlay-color":"","overlay-opacity":"","overlay-gradient":""},"tablet":{"background-color":"","background-image":"","background-repeat":"repeat","background-position":"center center","background-size":"auto","background-attachment":"scroll","background-type":"","background-media":"","overlay-type":"","overlay-color":"","overlay-opacity":"","overlay-gradient":""},"mobile":{"background-color":"","background-image":"","background-repeat":"repeat","background-position":"center center","background-size":"auto","background-attachment":"scroll","background-type":"","background-media":"","overlay-type":"","overlay-color":"","overlay-opacity":"","overlay-gradient":""}},"ast-content-background-meta":{"desktop":{"background-color":"var(--ast-global-color-5)","background-image":"","background-repeat":"repeat","background-position":"center center","background-size":"auto","background-attachment":"scroll","background-type":"","background-media":"","overlay-type":"","overlay-color":"","overlay-opacity":"","overlay-gradient":""},"tablet":{"background-color":"var(--ast-global-color-5)","background-image":"","background-repeat":"repeat","background-position":"center center","background-size":"auto","background-attachment":"scroll","background-type":"","background-media":"","overlay-type":"","overlay-color":"","overlay-opacity":"","overlay-gradient":""},"mobile":{"background-color":"var(--ast-global-color-5)","background-image":"","background-repeat":"repeat","background-position":"center center","background-size":"auto","background-attachment":"scroll","background-type":"","background-media":"","overlay-type":"","overlay-color":"","overlay-opacity":"","overlay-gradient":""}}},"product_brand":[],"product_cat":[276,280,246],"product_tag":[],"class_list":{"0":"post-8849","1":"product","2":"type-product","3":"status-publish","4":"has-post-thumbnail","6":"product_cat-cordas-im","7":"product_cat-guitarras-im","8":"product_cat-instrumentos-musicales","9":"desktop-align-center","10":"tablet-align-center","11":"mobile-align-center","12":"ast-product-gallery-layout-horizontal","13":"ast-product-tabs-layout-horizontal","15":"first","16":"instock","17":"taxable","18":"shipping-taxable","19":"purchasable","20":"product-type-simple"},"_links":{"self":[{"href":"https:\/\/www.modeloshostnet.com\/bessshop\/wp-json\/wp\/v2\/product\/8849","targetHints":{"allow":["GET"]}}],"collection":[{"href":"https:\/\/www.modeloshostnet.com\/bessshop\/wp-json\/wp\/v2\/product"}],"about":[{"href":"https:\/\/www.modeloshostnet.com\/bessshop\/wp-json\/wp\/v2\/types\/product"}],"replies":[{"embeddable":true,"href":"https:\/\/www.modeloshostnet.com\/bessshop\/wp-json\/wp\/v2\/comments?post=8849"}],"wp:featuredmedia":[{"embeddable":true,"href":"https:\/\/www.modeloshostnet.com\/bessshop\/wp-json\/wp\/v2\/media\/8882"}],"wp:attachment":[{"href":"https:\/\/www.modeloshostnet.com\/bessshop\/wp-json\/wp\/v2\/media?parent=8849"}],"wp:term":[{"taxonomy":"product_brand","embeddable":true,"href":"https:\/\/www.modeloshostnet.com\/bessshop\/wp-json\/wp\/v2\/product_brand?post=8849"},{"taxonomy":"product_cat","embeddable":true,"href":"https:\/\/www.modeloshostnet.com\/bessshop\/wp-json\/wp\/v2\/product_cat?post=8849"},{"taxonomy":"product_tag","embeddable":true,"href":"https:\/\/www.modeloshostnet.com\/bessshop\/wp-json\/wp\/v2\/product_tag?post=8849"}],"curies":[{"name":"wp","href":"https:\/\/api.w.org\/{rel}","templated":true}]}}