{"id":8844,"date":"2025-01-21T13:45:24","date_gmt":"2025-01-21T16:45:24","guid":{"rendered":"https:\/\/www.modeloshostnet.com\/bessshop\/?post_type=product&#038;p=8844"},"modified":"2025-02-03T14:48:27","modified_gmt":"2025-02-03T17:48:27","slug":"baquetas-promark-la-special-5b-size-lau5bw","status":"publish","type":"product","link":"https:\/\/www.modeloshostnet.com\/bessshop\/produto\/baquetas-promark-la-special-5b-size-lau5bw\/","title":{"rendered":"BAQUETAS PROMARK LA \u2026"},"content":{"rendered":"","protected":false},"excerpt":{"rendered":"<p>LA Special \u00e9 o modelo econ\u00f4mico da Promark, que oferece baquetas com o mesmo shape e madeira com um custo x benef\u00edcio ainda mais interessante para os bateristas. Baqueta em madeira Hickory, ponta de madeira, 406mm X 15mm. Excelente op\u00e7\u00e3o pesada, para Rock, Pop, Country e praticar em seu Pad de exerc\u00edcios. Bateristas que tamb\u00e9m usam essa baqueta: Bobby Blotzer ( Ratt ), Jim Christie ( Lucinda Williams ), Fred Coury ( Cinderella ), Jon Farrys ( Inxs ), Craig Nunenmacher ( Black Label Society ), entre outros.<br \/>\nCaracter\u00edsticas do Hickory<br \/>\nO Hickory \u00e9 a madeira mais utilizada na fabrica\u00e7\u00e3o de baquetas top no mundo. O Hickory \u00e9 mais denso, pesado e r\u00edgido que o Maple e menos que o OAK (em baquetas). Absorve bem, e com certo conforto, os impactos, reduzindo o cansa\u00e7o dos punhos e m\u00e3os. Geralmente as baquetas em Hickory s\u00e3o bem dur\u00e1veis, sendo esta caracter\u00edstica o trunfo principal do seu sucesso pelo mundo em todas as marcas. Por: Ricardo Goedert<\/p>\n","protected":false},"featured_media":8874,"comment_status":"closed","ping_status":"closed","template":"","meta":{"site-sidebar-layout":"default","site-content-layout":"","ast-site-content-layout":"default","site-content-style":"default","site-sidebar-style":"default","ast-global-header-display":"","ast-banner-title-visibility":"","ast-main-header-display":"","ast-hfb-above-header-display":"","ast-hfb-below-header-display":"","ast-hfb-mobile-header-display":"","site-post-title":"","ast-breadcrumbs-content":"","ast-featured-img":"","footer-sml-layout":"","ast-disable-related-posts":"","theme-transparent-header-meta":"","adv-header-id-meta":"","stick-header-meta":"","header-above-stick-meta":"","header-main-stick-meta":"","header-below-stick-meta":"","astra-migrate-meta-layouts":"default","ast-page-background-enabled":"default","ast-page-background-meta":{"desktop":{"background-color":"","background-image":"","background-repeat":"repeat","background-position":"center center","background-size":"auto","background-attachment":"scroll","background-type":"","background-media":"","overlay-type":"","overlay-color":"","overlay-opacity":"","overlay-gradient":""},"tablet":{"background-color":"","background-image":"","background-repeat":"repeat","background-position":"center center","background-size":"auto","background-attachment":"scroll","background-type":"","background-media":"","overlay-type":"","overlay-color":"","overlay-opacity":"","overlay-gradient":""},"mobile":{"background-color":"","background-image":"","background-repeat":"repeat","background-position":"center center","background-size":"auto","background-attachment":"scroll","background-type":"","background-media":"","overlay-type":"","overlay-color":"","overlay-opacity":"","overlay-gradient":""}},"ast-content-background-meta":{"desktop":{"background-color":"var(--ast-global-color-5)","background-image":"","background-repeat":"repeat","background-position":"center center","background-size":"auto","background-attachment":"scroll","background-type":"","background-media":"","overlay-type":"","overlay-color":"","overlay-opacity":"","overlay-gradient":""},"tablet":{"background-color":"var(--ast-global-color-5)","background-image":"","background-repeat":"repeat","background-position":"center center","background-size":"auto","background-attachment":"scroll","background-type":"","background-media":"","overlay-type":"","overlay-color":"","overlay-opacity":"","overlay-gradient":""},"mobile":{"background-color":"var(--ast-global-color-5)","background-image":"","background-repeat":"repeat","background-position":"center center","background-size":"auto","background-attachment":"scroll","background-type":"","background-media":"","overlay-type":"","overlay-color":"","overlay-opacity":"","overlay-gradient":""}}},"product_brand":[],"product_cat":[283,284,246],"product_tag":[],"class_list":{"0":"post-8844","1":"product","2":"type-product","3":"status-publish","4":"has-post-thumbnail","6":"product_cat-baquetas-im","7":"product_cat-baterias-im","8":"product_cat-instrumentos-musicales","9":"desktop-align-center","10":"tablet-align-center","11":"mobile-align-center","12":"ast-product-gallery-layout-horizontal","13":"ast-product-gallery-with-no-image","14":"ast-product-tabs-layout-horizontal","16":"first","17":"instock","18":"taxable","19":"shipping-taxable","20":"purchasable","21":"product-type-simple"},"_links":{"self":[{"href":"https:\/\/www.modeloshostnet.com\/bessshop\/wp-json\/wp\/v2\/product\/8844","targetHints":{"allow":["GET"]}}],"collection":[{"href":"https:\/\/www.modeloshostnet.com\/bessshop\/wp-json\/wp\/v2\/product"}],"about":[{"href":"https:\/\/www.modeloshostnet.com\/bessshop\/wp-json\/wp\/v2\/types\/product"}],"replies":[{"embeddable":true,"href":"https:\/\/www.modeloshostnet.com\/bessshop\/wp-json\/wp\/v2\/comments?post=8844"}],"wp:featuredmedia":[{"embeddable":true,"href":"https:\/\/www.modeloshostnet.com\/bessshop\/wp-json\/wp\/v2\/media\/8874"}],"wp:attachment":[{"href":"https:\/\/www.modeloshostnet.com\/bessshop\/wp-json\/wp\/v2\/media?parent=8844"}],"wp:term":[{"taxonomy":"product_brand","embeddable":true,"href":"https:\/\/www.modeloshostnet.com\/bessshop\/wp-json\/wp\/v2\/product_brand?post=8844"},{"taxonomy":"product_cat","embeddable":true,"href":"https:\/\/www.modeloshostnet.com\/bessshop\/wp-json\/wp\/v2\/product_cat?post=8844"},{"taxonomy":"product_tag","embeddable":true,"href":"https:\/\/www.modeloshostnet.com\/bessshop\/wp-json\/wp\/v2\/product_tag?post=8844"}],"curies":[{"name":"wp","href":"https:\/\/api.w.org\/{rel}","templated":true}]}}