{"id":8688,"date":"2025-01-09T12:04:26","date_gmt":"2025-01-09T15:04:26","guid":{"rendered":"https:\/\/www.modeloshostnet.com\/bessshop\/?post_type=product&#038;p=8688"},"modified":"2025-02-03T14:30:26","modified_gmt":"2025-02-03T17:30:26","slug":"soundbar-sonos-sarc-ultra-b-preto","status":"publish","type":"product","link":"https:\/\/www.modeloshostnet.com\/bessshop\/produto\/soundbar-sonos-sarc-ultra-b-preto\/","title":{"rendered":"SOUNDBAR SONOS SARC \u2026"},"content":{"rendered":"","protected":false},"excerpt":{"rendered":"<p>Mergulhe totalmente em programas de TV e filmes com \u00e1udio personalizado que o envolve ao adicionar a Sonos Arc Ultra Soundbar \u00e0 sua casa. Esta barra de som preta, elegante e de baixo perfil \u00e9 embalada com 14 drivers em uma configura\u00e7\u00e3o 9.1.4, fornecendo \u00e1udio espacial compat\u00edvel com Dolby Atmos para sua sala. Esses drivers funcionam com a nova tecnologia Sound Motion da Sonos, projetada para preencher cada cent\u00edmetro da sua sala com som precisamente posicionado. Usando o Trueplay e o conjunto de microfones de campo distante no Arc Ultra, esse som pode ser ajustado para a ac\u00fastica espec\u00edfica da sua sala. Configurar o Arc Ultra \u00e9 f\u00e1cil, com uma \u00fanica conex\u00e3o HDMI e instru\u00e7\u00f5es passo a passo baseadas em aplicativo. Recursos adicionais fornecem di\u00e1logo claro, streaming de m\u00fasica, audi\u00e7\u00e3o privada e muito mais.<\/p>\n","protected":false},"featured_media":8789,"comment_status":"closed","ping_status":"closed","template":"","meta":{"site-sidebar-layout":"default","site-content-layout":"","ast-site-content-layout":"default","site-content-style":"default","site-sidebar-style":"default","ast-global-header-display":"","ast-banner-title-visibility":"","ast-main-header-display":"","ast-hfb-above-header-display":"","ast-hfb-below-header-display":"","ast-hfb-mobile-header-display":"","site-post-title":"","ast-breadcrumbs-content":"","ast-featured-img":"","footer-sml-layout":"","ast-disable-related-posts":"","theme-transparent-header-meta":"","adv-header-id-meta":"","stick-header-meta":"","header-above-stick-meta":"","header-main-stick-meta":"","header-below-stick-meta":"","astra-migrate-meta-layouts":"default","ast-page-background-enabled":"default","ast-page-background-meta":{"desktop":{"background-color":"","background-image":"","background-repeat":"repeat","background-position":"center center","background-size":"auto","background-attachment":"scroll","background-type":"","background-media":"","overlay-type":"","overlay-color":"","overlay-opacity":"","overlay-gradient":""},"tablet":{"background-color":"","background-image":"","background-repeat":"repeat","background-position":"center center","background-size":"auto","background-attachment":"scroll","background-type":"","background-media":"","overlay-type":"","overlay-color":"","overlay-opacity":"","overlay-gradient":""},"mobile":{"background-color":"","background-image":"","background-repeat":"repeat","background-position":"center center","background-size":"auto","background-attachment":"scroll","background-type":"","background-media":"","overlay-type":"","overlay-color":"","overlay-opacity":"","overlay-gradient":""}},"ast-content-background-meta":{"desktop":{"background-color":"var(--ast-global-color-5)","background-image":"","background-repeat":"repeat","background-position":"center center","background-size":"auto","background-attachment":"scroll","background-type":"","background-media":"","overlay-type":"","overlay-color":"","overlay-opacity":"","overlay-gradient":""},"tablet":{"background-color":"var(--ast-global-color-5)","background-image":"","background-repeat":"repeat","background-position":"center center","background-size":"auto","background-attachment":"scroll","background-type":"","background-media":"","overlay-type":"","overlay-color":"","overlay-opacity":"","overlay-gradient":""},"mobile":{"background-color":"var(--ast-global-color-5)","background-image":"","background-repeat":"repeat","background-position":"center center","background-size":"auto","background-attachment":"scroll","background-type":"","background-media":"","overlay-type":"","overlay-color":"","overlay-opacity":"","overlay-gradient":""}}},"product_brand":[],"product_cat":[86,273],"product_tag":[],"class_list":{"0":"post-8688","1":"product","2":"type-product","3":"status-publish","4":"has-post-thumbnail","6":"product_cat-home-theater","7":"product_cat-soundbars-ht","8":"desktop-align-center","9":"tablet-align-center","10":"mobile-align-center","11":"ast-product-gallery-layout-horizontal","12":"ast-product-tabs-layout-horizontal","14":"first","15":"instock","16":"taxable","17":"shipping-taxable","18":"purchasable","19":"product-type-simple"},"_links":{"self":[{"href":"https:\/\/www.modeloshostnet.com\/bessshop\/wp-json\/wp\/v2\/product\/8688","targetHints":{"allow":["GET"]}}],"collection":[{"href":"https:\/\/www.modeloshostnet.com\/bessshop\/wp-json\/wp\/v2\/product"}],"about":[{"href":"https:\/\/www.modeloshostnet.com\/bessshop\/wp-json\/wp\/v2\/types\/product"}],"replies":[{"embeddable":true,"href":"https:\/\/www.modeloshostnet.com\/bessshop\/wp-json\/wp\/v2\/comments?post=8688"}],"wp:featuredmedia":[{"embeddable":true,"href":"https:\/\/www.modeloshostnet.com\/bessshop\/wp-json\/wp\/v2\/media\/8789"}],"wp:attachment":[{"href":"https:\/\/www.modeloshostnet.com\/bessshop\/wp-json\/wp\/v2\/media?parent=8688"}],"wp:term":[{"taxonomy":"product_brand","embeddable":true,"href":"https:\/\/www.modeloshostnet.com\/bessshop\/wp-json\/wp\/v2\/product_brand?post=8688"},{"taxonomy":"product_cat","embeddable":true,"href":"https:\/\/www.modeloshostnet.com\/bessshop\/wp-json\/wp\/v2\/product_cat?post=8688"},{"taxonomy":"product_tag","embeddable":true,"href":"https:\/\/www.modeloshostnet.com\/bessshop\/wp-json\/wp\/v2\/product_tag?post=8688"}],"curies":[{"name":"wp","href":"https:\/\/api.w.org\/{rel}","templated":true}]}}