{"id":8577,"date":"2025-01-09T12:03:38","date_gmt":"2025-01-09T15:03:38","guid":{"rendered":"https:\/\/www.modeloshostnet.com\/bessshop\/?post_type=product&#038;p=8577"},"modified":"2025-02-03T13:51:11","modified_gmt":"2025-02-03T16:51:11","slug":"caixa-de-som-outdoor-bose-fs2se-freespace-preto-pa","status":"publish","type":"product","link":"https:\/\/www.modeloshostnet.com\/bessshop\/produto\/caixa-de-som-outdoor-bose-fs2se-freespace-preto-pa\/","title":{"rendered":"CAIXA DE SOM OUTDOOR\u2026"},"content":{"rendered":"","protected":false},"excerpt":{"rendered":"<p>La calidad de sonido Bose Professional que esperas. Las mejoras que necesitas. Los parlantes FreeSpace FS son el siguiente paso en nuestra l\u00ednea altamente confiable de parlantes de techo y de superficie, y ofrecen mejoras significativas en durabilidad, dise\u00f1o y facilidad de instalaci\u00f3n, todo con una tonalidad notablemente consistente. Dise\u00f1ados para ofrecer un rendimiento de alta calidad en aplicaciones de m\u00fasica de fondo y anuncios de voz, los altavoces FS son ideales para pr\u00e1cticamente cualquier espacio comercial. La l\u00ednea incluye cinco parlantes, dos niveles de sonido diferentes, nuevas opciones de montaje y una est\u00e9tica moderna. Para aquellos que buscan un sonido instalado constante y de calidad, los altavoces FreeSpace FS son la combinaci\u00f3n perfecta de rendimiento y valor.<\/p>\n","protected":false},"featured_media":8656,"comment_status":"closed","ping_status":"closed","template":"","meta":{"site-sidebar-layout":"default","site-content-layout":"","ast-site-content-layout":"default","site-content-style":"default","site-sidebar-style":"default","ast-global-header-display":"","ast-banner-title-visibility":"","ast-main-header-display":"","ast-hfb-above-header-display":"","ast-hfb-below-header-display":"","ast-hfb-mobile-header-display":"","site-post-title":"","ast-breadcrumbs-content":"","ast-featured-img":"","footer-sml-layout":"","ast-disable-related-posts":"","theme-transparent-header-meta":"","adv-header-id-meta":"","stick-header-meta":"","header-above-stick-meta":"","header-main-stick-meta":"","header-below-stick-meta":"","astra-migrate-meta-layouts":"default","ast-page-background-enabled":"default","ast-page-background-meta":{"desktop":{"background-color":"","background-image":"","background-repeat":"repeat","background-position":"center center","background-size":"auto","background-attachment":"scroll","background-type":"","background-media":"","overlay-type":"","overlay-color":"","overlay-opacity":"","overlay-gradient":""},"tablet":{"background-color":"","background-image":"","background-repeat":"repeat","background-position":"center center","background-size":"auto","background-attachment":"scroll","background-type":"","background-media":"","overlay-type":"","overlay-color":"","overlay-opacity":"","overlay-gradient":""},"mobile":{"background-color":"","background-image":"","background-repeat":"repeat","background-position":"center center","background-size":"auto","background-attachment":"scroll","background-type":"","background-media":"","overlay-type":"","overlay-color":"","overlay-opacity":"","overlay-gradient":""}},"ast-content-background-meta":{"desktop":{"background-color":"var(--ast-global-color-5)","background-image":"","background-repeat":"repeat","background-position":"center center","background-size":"auto","background-attachment":"scroll","background-type":"","background-media":"","overlay-type":"","overlay-color":"","overlay-opacity":"","overlay-gradient":""},"tablet":{"background-color":"var(--ast-global-color-5)","background-image":"","background-repeat":"repeat","background-position":"center center","background-size":"auto","background-attachment":"scroll","background-type":"","background-media":"","overlay-type":"","overlay-color":"","overlay-opacity":"","overlay-gradient":""},"mobile":{"background-color":"var(--ast-global-color-5)","background-image":"","background-repeat":"repeat","background-position":"center center","background-size":"auto","background-attachment":"scroll","background-type":"","background-media":"","overlay-type":"","overlay-color":"","overlay-opacity":"","overlay-gradient":""}}},"product_brand":[],"product_cat":[270,86],"product_tag":[],"class_list":{"0":"post-8577","1":"product","2":"type-product","3":"status-publish","4":"has-post-thumbnail","6":"product_cat-caixas-de-som-ht","7":"product_cat-home-theater","8":"desktop-align-center","9":"tablet-align-center","10":"mobile-align-center","11":"ast-product-gallery-layout-horizontal","12":"ast-product-tabs-layout-horizontal","14":"first","15":"outofstock","16":"taxable","17":"shipping-taxable","18":"purchasable","19":"product-type-simple"},"_links":{"self":[{"href":"https:\/\/www.modeloshostnet.com\/bessshop\/wp-json\/wp\/v2\/product\/8577","targetHints":{"allow":["GET"]}}],"collection":[{"href":"https:\/\/www.modeloshostnet.com\/bessshop\/wp-json\/wp\/v2\/product"}],"about":[{"href":"https:\/\/www.modeloshostnet.com\/bessshop\/wp-json\/wp\/v2\/types\/product"}],"replies":[{"embeddable":true,"href":"https:\/\/www.modeloshostnet.com\/bessshop\/wp-json\/wp\/v2\/comments?post=8577"}],"wp:featuredmedia":[{"embeddable":true,"href":"https:\/\/www.modeloshostnet.com\/bessshop\/wp-json\/wp\/v2\/media\/8656"}],"wp:attachment":[{"href":"https:\/\/www.modeloshostnet.com\/bessshop\/wp-json\/wp\/v2\/media?parent=8577"}],"wp:term":[{"taxonomy":"product_brand","embeddable":true,"href":"https:\/\/www.modeloshostnet.com\/bessshop\/wp-json\/wp\/v2\/product_brand?post=8577"},{"taxonomy":"product_cat","embeddable":true,"href":"https:\/\/www.modeloshostnet.com\/bessshop\/wp-json\/wp\/v2\/product_cat?post=8577"},{"taxonomy":"product_tag","embeddable":true,"href":"https:\/\/www.modeloshostnet.com\/bessshop\/wp-json\/wp\/v2\/product_tag?post=8577"}],"curies":[{"name":"wp","href":"https:\/\/api.w.org\/{rel}","templated":true}]}}