{"id":8030,"date":"2024-12-09T09:41:56","date_gmt":"2024-12-09T12:41:56","guid":{"rendered":"https:\/\/www.modeloshostnet.com\/bessshop\/?post_type=product&#038;p=8030"},"modified":"2025-02-03T10:15:58","modified_gmt":"2025-02-03T13:15:58","slug":"microfone-shure-slxd24-b58-l55","status":"publish","type":"product","link":"https:\/\/www.modeloshostnet.com\/bessshop\/produto\/microfone-shure-slxd24-b58-l55\/","title":{"rendered":"MICROFONE SHURE SLXD\u2026"},"content":{"rendered":"","protected":false},"excerpt":{"rendered":"<p>Apresentando a c\u00e1psula de microfone din\u00e2mico supercardi\u00f3ide Beta&#038;reg,58A no topo do transmissor sem fio de m\u00e3o SLXD2, o SLXD24\/B58 fornece \u00e1udio digital transparente e estabilidade de RF s\u00f3lida como rocha para salas de aula e apresenta\u00e7\u00f5es ao vivo. O sistema sem fio SLXD24\/B58 oferece \u00e1udio digital transparente de 24 bits e desempenho de RF s\u00f3lido como rocha para uma ampla gama de aplica\u00e7\u00f5es, desde apresenta\u00e7\u00f5es durante o dia at\u00e9 apresenta\u00e7\u00f5es noturnas. Opere at\u00e9 32 sistemas compat\u00edveis por banda de 44 MHz, com configura\u00e7\u00e3o f\u00e1cil e acess\u00f3rios de recarga opcionais para excel\u00eancia sem fio, sempre que necess\u00e1rio.<\/p>\n","protected":false},"featured_media":8031,"comment_status":"closed","ping_status":"closed","template":"","meta":{"site-sidebar-layout":"default","site-content-layout":"","ast-site-content-layout":"default","site-content-style":"default","site-sidebar-style":"default","ast-global-header-display":"","ast-banner-title-visibility":"","ast-main-header-display":"","ast-hfb-above-header-display":"","ast-hfb-below-header-display":"","ast-hfb-mobile-header-display":"","site-post-title":"","ast-breadcrumbs-content":"","ast-featured-img":"","footer-sml-layout":"","ast-disable-related-posts":"","theme-transparent-header-meta":"","adv-header-id-meta":"","stick-header-meta":"","header-above-stick-meta":"","header-main-stick-meta":"","header-below-stick-meta":"","astra-migrate-meta-layouts":"default","ast-page-background-enabled":"default","ast-page-background-meta":{"desktop":{"background-color":"","background-image":"","background-repeat":"repeat","background-position":"center center","background-size":"auto","background-attachment":"scroll","background-type":"","background-media":"","overlay-type":"","overlay-color":"","overlay-opacity":"","overlay-gradient":""},"tablet":{"background-color":"","background-image":"","background-repeat":"repeat","background-position":"center center","background-size":"auto","background-attachment":"scroll","background-type":"","background-media":"","overlay-type":"","overlay-color":"","overlay-opacity":"","overlay-gradient":""},"mobile":{"background-color":"","background-image":"","background-repeat":"repeat","background-position":"center center","background-size":"auto","background-attachment":"scroll","background-type":"","background-media":"","overlay-type":"","overlay-color":"","overlay-opacity":"","overlay-gradient":""}},"ast-content-background-meta":{"desktop":{"background-color":"var(--ast-global-color-5)","background-image":"","background-repeat":"repeat","background-position":"center center","background-size":"auto","background-attachment":"scroll","background-type":"","background-media":"","overlay-type":"","overlay-color":"","overlay-opacity":"","overlay-gradient":""},"tablet":{"background-color":"var(--ast-global-color-5)","background-image":"","background-repeat":"repeat","background-position":"center center","background-size":"auto","background-attachment":"scroll","background-type":"","background-media":"","overlay-type":"","overlay-color":"","overlay-opacity":"","overlay-gradient":""},"mobile":{"background-color":"var(--ast-global-color-5)","background-image":"","background-repeat":"repeat","background-position":"center center","background-size":"auto","background-attachment":"scroll","background-type":"","background-media":"","overlay-type":"","overlay-color":"","overlay-opacity":"","overlay-gradient":""}}},"product_brand":[],"product_cat":[245,249],"product_tag":[],"class_list":{"0":"post-8030","1":"product","2":"type-product","3":"status-publish","4":"has-post-thumbnail","6":"product_cat-audio-video","7":"product_cat-microfones-av","8":"desktop-align-center","9":"tablet-align-center","10":"mobile-align-center","11":"ast-product-gallery-layout-horizontal","12":"ast-product-tabs-layout-horizontal","14":"first","15":"instock","16":"taxable","17":"shipping-taxable","18":"purchasable","19":"product-type-simple"},"_links":{"self":[{"href":"https:\/\/www.modeloshostnet.com\/bessshop\/wp-json\/wp\/v2\/product\/8030","targetHints":{"allow":["GET"]}}],"collection":[{"href":"https:\/\/www.modeloshostnet.com\/bessshop\/wp-json\/wp\/v2\/product"}],"about":[{"href":"https:\/\/www.modeloshostnet.com\/bessshop\/wp-json\/wp\/v2\/types\/product"}],"replies":[{"embeddable":true,"href":"https:\/\/www.modeloshostnet.com\/bessshop\/wp-json\/wp\/v2\/comments?post=8030"}],"wp:featuredmedia":[{"embeddable":true,"href":"https:\/\/www.modeloshostnet.com\/bessshop\/wp-json\/wp\/v2\/media\/8031"}],"wp:attachment":[{"href":"https:\/\/www.modeloshostnet.com\/bessshop\/wp-json\/wp\/v2\/media?parent=8030"}],"wp:term":[{"taxonomy":"product_brand","embeddable":true,"href":"https:\/\/www.modeloshostnet.com\/bessshop\/wp-json\/wp\/v2\/product_brand?post=8030"},{"taxonomy":"product_cat","embeddable":true,"href":"https:\/\/www.modeloshostnet.com\/bessshop\/wp-json\/wp\/v2\/product_cat?post=8030"},{"taxonomy":"product_tag","embeddable":true,"href":"https:\/\/www.modeloshostnet.com\/bessshop\/wp-json\/wp\/v2\/product_tag?post=8030"}],"curies":[{"name":"wp","href":"https:\/\/api.w.org\/{rel}","templated":true}]}}