{"id":7882,"date":"2024-12-09T09:38:31","date_gmt":"2024-12-09T12:38:31","guid":{"rendered":"https:\/\/www.modeloshostnet.com\/bessshop\/?post_type=product&#038;p=7882"},"modified":"2025-02-03T10:11:30","modified_gmt":"2025-02-03T13:11:30","slug":"mesa-de-som-behringer-x32-compact","status":"publish","type":"product","link":"https:\/\/www.modeloshostnet.com\/bessshop\/produto\/mesa-de-som-behringer-x32-compact\/","title":{"rendered":"MESA DE SOM BEHRINGE\u2026"},"content":{"rendered":"","protected":false},"excerpt":{"rendered":"<p>Console de mixagem digital compacto de 40 entradas e 25 barramentos com 16 pr\u00e9-amplificadores Midas program\u00e1veis, 17 faders motorizados, LCDs de canais, interface de \u00e1udio de 32 canais e controle remoto para iPad\/iPhone<br \/>\nX32 COMPACTO<br \/>\nGra\u00e7as ao seu lend\u00e1rio mecanismo de mixagem X32 integrado, o X32 COMPACT pode ser sua interface de grava\u00e7\u00e3o de est\u00fadio de alto n\u00edvel hoje, controlar uma produ\u00e7\u00e3o teatral complexa amanh\u00e3 ou sentar-se com seguran\u00e7a em seu rack lateral enquanto voc\u00ea mixa o show da sua banda no seu iPad. Uma revolu\u00e7\u00e3o por si s\u00f3, o incr\u00edvel X32 COMPACT combina as melhores E\/S anal\u00f3gicas e poderosa conectividade digital com amplo processamento para 40 canais, 25 barramentos e at\u00e9 152 fontes de sinal.<\/p>\n","protected":false},"featured_media":7883,"comment_status":"closed","ping_status":"closed","template":"","meta":{"site-sidebar-layout":"default","site-content-layout":"","ast-site-content-layout":"default","site-content-style":"default","site-sidebar-style":"default","ast-global-header-display":"","ast-banner-title-visibility":"","ast-main-header-display":"","ast-hfb-above-header-display":"","ast-hfb-below-header-display":"","ast-hfb-mobile-header-display":"","site-post-title":"","ast-breadcrumbs-content":"","ast-featured-img":"","footer-sml-layout":"","ast-disable-related-posts":"","theme-transparent-header-meta":"","adv-header-id-meta":"","stick-header-meta":"","header-above-stick-meta":"","header-main-stick-meta":"","header-below-stick-meta":"","astra-migrate-meta-layouts":"default","ast-page-background-enabled":"default","ast-page-background-meta":{"desktop":{"background-color":"","background-image":"","background-repeat":"repeat","background-position":"center center","background-size":"auto","background-attachment":"scroll","background-type":"","background-media":"","overlay-type":"","overlay-color":"","overlay-opacity":"","overlay-gradient":""},"tablet":{"background-color":"","background-image":"","background-repeat":"repeat","background-position":"center center","background-size":"auto","background-attachment":"scroll","background-type":"","background-media":"","overlay-type":"","overlay-color":"","overlay-opacity":"","overlay-gradient":""},"mobile":{"background-color":"","background-image":"","background-repeat":"repeat","background-position":"center center","background-size":"auto","background-attachment":"scroll","background-type":"","background-media":"","overlay-type":"","overlay-color":"","overlay-opacity":"","overlay-gradient":""}},"ast-content-background-meta":{"desktop":{"background-color":"var(--ast-global-color-5)","background-image":"","background-repeat":"repeat","background-position":"center center","background-size":"auto","background-attachment":"scroll","background-type":"","background-media":"","overlay-type":"","overlay-color":"","overlay-opacity":"","overlay-gradient":""},"tablet":{"background-color":"var(--ast-global-color-5)","background-image":"","background-repeat":"repeat","background-position":"center center","background-size":"auto","background-attachment":"scroll","background-type":"","background-media":"","overlay-type":"","overlay-color":"","overlay-opacity":"","overlay-gradient":""},"mobile":{"background-color":"var(--ast-global-color-5)","background-image":"","background-repeat":"repeat","background-position":"center center","background-size":"auto","background-attachment":"scroll","background-type":"","background-media":"","overlay-type":"","overlay-color":"","overlay-opacity":"","overlay-gradient":""}}},"product_brand":[],"product_cat":[245,257],"product_tag":[],"class_list":{"0":"post-7882","1":"product","2":"type-product","3":"status-publish","4":"has-post-thumbnail","6":"product_cat-audio-video","7":"product_cat-mesas-de-som-av","8":"desktop-align-center","9":"tablet-align-center","10":"mobile-align-center","11":"ast-product-gallery-layout-horizontal","12":"ast-product-tabs-layout-horizontal","14":"first","15":"instock","16":"taxable","17":"shipping-taxable","18":"purchasable","19":"product-type-simple"},"_links":{"self":[{"href":"https:\/\/www.modeloshostnet.com\/bessshop\/wp-json\/wp\/v2\/product\/7882","targetHints":{"allow":["GET"]}}],"collection":[{"href":"https:\/\/www.modeloshostnet.com\/bessshop\/wp-json\/wp\/v2\/product"}],"about":[{"href":"https:\/\/www.modeloshostnet.com\/bessshop\/wp-json\/wp\/v2\/types\/product"}],"replies":[{"embeddable":true,"href":"https:\/\/www.modeloshostnet.com\/bessshop\/wp-json\/wp\/v2\/comments?post=7882"}],"wp:featuredmedia":[{"embeddable":true,"href":"https:\/\/www.modeloshostnet.com\/bessshop\/wp-json\/wp\/v2\/media\/7883"}],"wp:attachment":[{"href":"https:\/\/www.modeloshostnet.com\/bessshop\/wp-json\/wp\/v2\/media?parent=7882"}],"wp:term":[{"taxonomy":"product_brand","embeddable":true,"href":"https:\/\/www.modeloshostnet.com\/bessshop\/wp-json\/wp\/v2\/product_brand?post=7882"},{"taxonomy":"product_cat","embeddable":true,"href":"https:\/\/www.modeloshostnet.com\/bessshop\/wp-json\/wp\/v2\/product_cat?post=7882"},{"taxonomy":"product_tag","embeddable":true,"href":"https:\/\/www.modeloshostnet.com\/bessshop\/wp-json\/wp\/v2\/product_tag?post=7882"}],"curies":[{"name":"wp","href":"https:\/\/api.w.org\/{rel}","templated":true}]}}