{"id":5579,"date":"2023-06-29T09:50:02","date_gmt":"2023-06-29T12:50:02","guid":{"rendered":"https:\/\/www.modeloshostnet.com\/bessshop\/?post_type=product&#038;p=5579"},"modified":"2023-08-07T12:04:59","modified_gmt":"2023-08-07T15:04:59","slug":"dimmer-legrand-adorne-adtp700rmtug1-wifi-grafite","status":"publish","type":"product","link":"https:\/\/www.modeloshostnet.com\/bessshop\/produto\/dimmer-legrand-adorne-adtp700rmtug1-wifi-grafite\/","title":{"rendered":"DIMMER LEGRAND ADORN\u2026"},"content":{"rendered":"<h4>Especificaciones<\/h4>\n<p>Amperaje: 15<br \/>\nTipo de carga: universal<br \/>\nPotencia: 700 vatios<br \/>\nVoltaje: 120 voltios<br \/>\nAltura: 6&#8243;<br \/>\nAncho: 3-13\/16&#8243;<br \/>\nProfundidad: 2-1\/2&#8243;<br \/>\nPeso del producto: 0,29 libras<\/p>\n<h4>V\u00eddeo<\/h4>\n<p><a href=\"https:\/\/youtu.be\/4V9ugqpq2x0\">https:\/\/youtu.be\/4V9ugqpq2x0<\/a><\/p>\n","protected":false},"excerpt":{"rendered":"<p>Empareje con el control remoto sofTap Wi-Fi Ready Dimmer para controlar una luz desde dos ubicaciones sin volver a cablear<br \/>\nEl atenuador maestro debe estar conectado a una luz<br \/>\nEste atenuador es parte del sistema de iluminaci\u00f3n Wi-Fi de Adorn y se puede combinar con otros componentes del sistema para permitir la creaci\u00f3n y el control de escenas de iluminaci\u00f3n en toda la casa<br \/>\nCuenta con tecnolog\u00eda Tru-Universal, que le permite soportar cualquier tipo de luz, incluyendo Incandescente\/Hal\u00f3gena, Baja Tensi\u00f3n Magn\u00e9tica (MLV), Baja Tensi\u00f3n Electr\u00f3nica (ELV), Fase Directa o Inversa, CFL\/LED, etc.<br \/>\nLa f\u00e1cil instalaci\u00f3n &#8220;1 por 1&#8221; le permite simplemente reemplazar su atenuador existente con un accesorio en solo minutos<br \/>\nSe adapta a su caja el\u00e9ctrica existente, por lo que no se necesitan nuevos cables<br \/>\nEl innovador sistema de montaje y complemento hace que la instalaci\u00f3n sea r\u00e1pida y sencilla<br \/>\nConstruido en termopl\u00e1stico<br \/>\nbot\u00f3n de control<br \/>\nSe conecta de forma inal\u00e1mbrica con WiFi<br \/>\nClasificaci\u00f3n UL y CUL para lugares secos<br \/>\nCubierto por una garant\u00eda limitada de por vida del fabricante<\/p>\n","protected":false},"featured_media":5580,"comment_status":"closed","ping_status":"closed","template":"","meta":{"site-sidebar-layout":"default","site-content-layout":"default","ast-site-content-layout":"default","site-content-style":"default","site-sidebar-style":"default","ast-global-header-display":"","ast-banner-title-visibility":"","ast-main-header-display":"","ast-hfb-above-header-display":"","ast-hfb-below-header-display":"","ast-hfb-mobile-header-display":"","site-post-title":"","ast-breadcrumbs-content":"","ast-featured-img":"","footer-sml-layout":"","ast-disable-related-posts":"","theme-transparent-header-meta":"default","adv-header-id-meta":"","stick-header-meta":"","header-above-stick-meta":"","header-main-stick-meta":"","header-below-stick-meta":"","astra-migrate-meta-layouts":"default","ast-page-background-enabled":"default","ast-page-background-meta":{"desktop":{"background-color":"","background-image":"","background-repeat":"repeat","background-position":"center center","background-size":"auto","background-attachment":"scroll","background-type":"","background-media":"","overlay-type":"","overlay-color":"","overlay-opacity":"","overlay-gradient":""},"tablet":{"background-color":"","background-image":"","background-repeat":"repeat","background-position":"center center","background-size":"auto","background-attachment":"scroll","background-type":"","background-media":"","overlay-type":"","overlay-color":"","overlay-opacity":"","overlay-gradient":""},"mobile":{"background-color":"","background-image":"","background-repeat":"repeat","background-position":"center center","background-size":"auto","background-attachment":"scroll","background-type":"","background-media":"","overlay-type":"","overlay-color":"","overlay-opacity":"","overlay-gradient":""}},"ast-content-background-meta":{"desktop":{"background-color":"var(--ast-global-color-5)","background-image":"","background-repeat":"repeat","background-position":"center center","background-size":"auto","background-attachment":"scroll","background-type":"","background-media":"","overlay-type":"","overlay-color":"","overlay-opacity":"","overlay-gradient":""},"tablet":{"background-color":"var(--ast-global-color-5)","background-image":"","background-repeat":"repeat","background-position":"center center","background-size":"auto","background-attachment":"scroll","background-type":"","background-media":"","overlay-type":"","overlay-color":"","overlay-opacity":"","overlay-gradient":""},"mobile":{"background-color":"var(--ast-global-color-5)","background-image":"","background-repeat":"repeat","background-position":"center center","background-size":"auto","background-attachment":"scroll","background-type":"","background-media":"","overlay-type":"","overlay-color":"","overlay-opacity":"","overlay-gradient":""}}},"product_brand":[],"product_cat":[15],"product_tag":[],"class_list":{"0":"post-5579","1":"product","2":"type-product","3":"status-publish","4":"has-post-thumbnail","6":"product_cat-sem-categoria","7":"desktop-align-center","8":"tablet-align-center","9":"mobile-align-center","10":"ast-product-gallery-layout-horizontal","11":"ast-product-gallery-with-no-image","12":"ast-product-tabs-layout-horizontal","14":"first","15":"instock","16":"taxable","17":"shipping-taxable","18":"purchasable","19":"product-type-simple"},"_links":{"self":[{"href":"https:\/\/www.modeloshostnet.com\/bessshop\/wp-json\/wp\/v2\/product\/5579","targetHints":{"allow":["GET"]}}],"collection":[{"href":"https:\/\/www.modeloshostnet.com\/bessshop\/wp-json\/wp\/v2\/product"}],"about":[{"href":"https:\/\/www.modeloshostnet.com\/bessshop\/wp-json\/wp\/v2\/types\/product"}],"replies":[{"embeddable":true,"href":"https:\/\/www.modeloshostnet.com\/bessshop\/wp-json\/wp\/v2\/comments?post=5579"}],"wp:featuredmedia":[{"embeddable":true,"href":"https:\/\/www.modeloshostnet.com\/bessshop\/wp-json\/wp\/v2\/media\/5580"}],"wp:attachment":[{"href":"https:\/\/www.modeloshostnet.com\/bessshop\/wp-json\/wp\/v2\/media?parent=5579"}],"wp:term":[{"taxonomy":"product_brand","embeddable":true,"href":"https:\/\/www.modeloshostnet.com\/bessshop\/wp-json\/wp\/v2\/product_brand?post=5579"},{"taxonomy":"product_cat","embeddable":true,"href":"https:\/\/www.modeloshostnet.com\/bessshop\/wp-json\/wp\/v2\/product_cat?post=5579"},{"taxonomy":"product_tag","embeddable":true,"href":"https:\/\/www.modeloshostnet.com\/bessshop\/wp-json\/wp\/v2\/product_tag?post=5579"}],"curies":[{"name":"wp","href":"https:\/\/api.w.org\/{rel}","templated":true}]}}