{"id":5571,"date":"2023-06-29T09:34:58","date_gmt":"2023-06-29T12:34:58","guid":{"rendered":"https:\/\/www.modeloshostnet.com\/bessshop\/?post_type=product&#038;p=5571"},"modified":"2023-08-07T12:04:38","modified_gmt":"2023-08-07T15:04:38","slug":"controlador-de-iluminacao-on-q-whole-house-lc7001","status":"publish","type":"product","link":"https:\/\/www.modeloshostnet.com\/bessshop\/produto\/controlador-de-iluminacao-on-q-whole-house-lc7001\/","title":{"rendered":"CONTROLADOR DE ILUMI\u2026"},"content":{"rendered":"<h4>Especificaciones<\/h4>\n<p>Tipo: cubo<br \/>\nAmperios: 500mA<br \/>\nVatios: 2.5W<br \/>\nEntrada de alimentaci\u00f3n externa: 5 V CC 500 mA VFA-0012<br \/>\nTipo de montaje del cable: sistema de control de iluminaci\u00f3n<br \/>\nPuertos LAN: puerto Ethernet RJ45<br \/>\nTemperatura de funcionamiento: 32\u00b0 a 122\u00b0F (0\u00b0 a 50\u00b0C)<br \/>\nHumedad de funcionamiento: 0 a 93 por ciento de humedad relativa, sin condensaci\u00f3n<br \/>\nDimensiones: 10,38 (D) x 3 (H) x 10,5 (W) pulgadas (263,65 x 76,2 x 263,65 mm)<br \/>\nPeso: 1,62 libras<\/p>\n<h4>V\u00eddeo<\/h4>\n<p><a href=\"https:\/\/www.youtube.com\/watch?v=G80OHWGV6WY\">https:\/\/www.youtube.com\/watch?v=G80OHWGV6WY<\/a><\/p>\n","protected":false},"excerpt":{"rendered":"<p>Controle cualquier luz en su hogar a trav\u00e9s de una aplicaci\u00f3n simple en su tel\u00e9fono inteligente o tableta (iOS o Android), o su Apple Watch, configurando el controlador de iluminaci\u00f3n para toda la casa On-Q\/Legrand. El controlador conectado a la web funciona con interruptores de atenuaci\u00f3n, interruptores de encendido\/apagado y controladores de escena en las colecciones de control de iluminaci\u00f3n radiante (RF Lighting Control) y Adorn (Wi-Fi Ready) de On-Q\/Legrand.<\/p>\n<h6>Programaci\u00f3n en tiempo real e integraci\u00f3n de sistema opcional<\/h6>\n<p>Ademas de permitir el control manual de las luces basado en una aplicaci\u00f3n, el Controlador de iluminaci\u00f3n para todo el hogar tiene un reloj en tiempo real incorporado para programar escenas de iluminaci\u00f3n seg\u00fan la hora del d\u00eda. A trav\u00e9s de la aplicaci\u00f3n, puede programar f\u00e1cilmente escenas de iluminaci\u00f3n para momentos espec\u00edficos, incluido el amanecer y el atardecer seg\u00fan su ubicaci\u00f3n espec\u00edfica. Con esta funci\u00f3n de amanecer y atardecer, una escena puede ajustar autom\u00e1ticamente su hora de activaci\u00f3n durante todo el a\u00f1o, como encender las luces al atardecer o apagarlas al amanecer.<br \/>\nFinalmente, el controlador se integra opcionalmente con el sistema de automatizaci\u00f3n del hogar Intuity de Legrand o con sistemas de automatizaci\u00f3n de terceros, para que pueda agregar su sistema de iluminaci\u00f3n controlado por aplicaci\u00f3n a toda su red de automatizaci\u00f3n.<\/p>\n<h6>Acerca de los controles de iluminaci\u00f3n por radiofrecuencia radiante<\/h6>\n<p>La elegante serie Radiant de dispositivos RF ofrece una opci\u00f3n r\u00e1pida, f\u00e1cil y est\u00e9ticamente agradable para instalar un conveniente control de iluminaci\u00f3n inal\u00e1mbrico. Cree f\u00e1cilmente un interruptor de 3 v\u00edas, por ejemplo, sin instalar nuevos cables instalando dos interruptores de luz Radiant RF. Los dispositivos Radiant RF tambi\u00e9n son compatibles con la serie RFLC original de On-Q\/Legrand, as\u00ed como con el sistema de automatizaci\u00f3n del hogar Intuity, por lo que no solo crea un control inal\u00e1mbrico simple, sino que tambi\u00e9n tiene la opci\u00f3n adicional de permitir una automatizaci\u00f3n integral de la iluminaci\u00f3n.<\/p>\n<h6>Compatibilidad<\/h6>\n<p>Dispositivos m\u00f3viles: la aplicaci\u00f3n requiere iOS 8.0 o posterior, o Android 4.1 o posterior. Compatible con iPhone, iPad, iPod Touch y Apple Watch.<br \/>\nControladores del sistema: el LC7001 funciona junto con la aplicaci\u00f3n iOS\/Android de Legrand Lighting Control y la plataforma Samsung ARTIK Cloud para proporcionar un control y una automatizaci\u00f3n perfectos de los dispositivos del sistema de control de iluminaci\u00f3n RF.<br \/>\nDispositivos de control de iluminaci\u00f3n: el LC7001 es compatible con todos los reguladores de intensidad, interruptores y controladores de escena de las colecciones radiante (control de iluminaci\u00f3n RF) y adornado (preparado para Wi-Fi). Los dispositivos de control de iluminaci\u00f3n RF heredados compatibles incluyen el atenuador DRD2x, el interruptor DRD3x y el atenuador DRD4x. El controlador de velocidad del ventilador DRD9x se puede detectar como un atenuador y solo proporciona control de velocidad ajustable en esa capacidad.<\/p>\n","protected":false},"featured_media":5572,"comment_status":"closed","ping_status":"closed","template":"","meta":{"site-sidebar-layout":"default","site-content-layout":"default","ast-site-content-layout":"default","site-content-style":"default","site-sidebar-style":"default","ast-global-header-display":"","ast-banner-title-visibility":"","ast-main-header-display":"","ast-hfb-above-header-display":"","ast-hfb-below-header-display":"","ast-hfb-mobile-header-display":"","site-post-title":"","ast-breadcrumbs-content":"","ast-featured-img":"","footer-sml-layout":"","ast-disable-related-posts":"","theme-transparent-header-meta":"default","adv-header-id-meta":"","stick-header-meta":"","header-above-stick-meta":"","header-main-stick-meta":"","header-below-stick-meta":"","astra-migrate-meta-layouts":"default","ast-page-background-enabled":"default","ast-page-background-meta":{"desktop":{"background-color":"","background-image":"","background-repeat":"repeat","background-position":"center center","background-size":"auto","background-attachment":"scroll","background-type":"","background-media":"","overlay-type":"","overlay-color":"","overlay-opacity":"","overlay-gradient":""},"tablet":{"background-color":"","background-image":"","background-repeat":"repeat","background-position":"center center","background-size":"auto","background-attachment":"scroll","background-type":"","background-media":"","overlay-type":"","overlay-color":"","overlay-opacity":"","overlay-gradient":""},"mobile":{"background-color":"","background-image":"","background-repeat":"repeat","background-position":"center center","background-size":"auto","background-attachment":"scroll","background-type":"","background-media":"","overlay-type":"","overlay-color":"","overlay-opacity":"","overlay-gradient":""}},"ast-content-background-meta":{"desktop":{"background-color":"var(--ast-global-color-5)","background-image":"","background-repeat":"repeat","background-position":"center center","background-size":"auto","background-attachment":"scroll","background-type":"","background-media":"","overlay-type":"","overlay-color":"","overlay-opacity":"","overlay-gradient":""},"tablet":{"background-color":"var(--ast-global-color-5)","background-image":"","background-repeat":"repeat","background-position":"center center","background-size":"auto","background-attachment":"scroll","background-type":"","background-media":"","overlay-type":"","overlay-color":"","overlay-opacity":"","overlay-gradient":""},"mobile":{"background-color":"var(--ast-global-color-5)","background-image":"","background-repeat":"repeat","background-position":"center center","background-size":"auto","background-attachment":"scroll","background-type":"","background-media":"","overlay-type":"","overlay-color":"","overlay-opacity":"","overlay-gradient":""}}},"product_brand":[],"product_cat":[15],"product_tag":[],"class_list":{"0":"post-5571","1":"product","2":"type-product","3":"status-publish","4":"has-post-thumbnail","6":"product_cat-sem-categoria","7":"desktop-align-center","8":"tablet-align-center","9":"mobile-align-center","10":"ast-product-gallery-layout-horizontal","11":"ast-product-gallery-with-no-image","12":"ast-product-tabs-layout-horizontal","14":"first","15":"instock","16":"taxable","17":"shipping-taxable","18":"purchasable","19":"product-type-simple"},"_links":{"self":[{"href":"https:\/\/www.modeloshostnet.com\/bessshop\/wp-json\/wp\/v2\/product\/5571","targetHints":{"allow":["GET"]}}],"collection":[{"href":"https:\/\/www.modeloshostnet.com\/bessshop\/wp-json\/wp\/v2\/product"}],"about":[{"href":"https:\/\/www.modeloshostnet.com\/bessshop\/wp-json\/wp\/v2\/types\/product"}],"replies":[{"embeddable":true,"href":"https:\/\/www.modeloshostnet.com\/bessshop\/wp-json\/wp\/v2\/comments?post=5571"}],"wp:featuredmedia":[{"embeddable":true,"href":"https:\/\/www.modeloshostnet.com\/bessshop\/wp-json\/wp\/v2\/media\/5572"}],"wp:attachment":[{"href":"https:\/\/www.modeloshostnet.com\/bessshop\/wp-json\/wp\/v2\/media?parent=5571"}],"wp:term":[{"taxonomy":"product_brand","embeddable":true,"href":"https:\/\/www.modeloshostnet.com\/bessshop\/wp-json\/wp\/v2\/product_brand?post=5571"},{"taxonomy":"product_cat","embeddable":true,"href":"https:\/\/www.modeloshostnet.com\/bessshop\/wp-json\/wp\/v2\/product_cat?post=5571"},{"taxonomy":"product_tag","embeddable":true,"href":"https:\/\/www.modeloshostnet.com\/bessshop\/wp-json\/wp\/v2\/product_tag?post=5571"}],"curies":[{"name":"wp","href":"https:\/\/api.w.org\/{rel}","templated":true}]}}