{"id":5569,"date":"2023-06-29T09:28:46","date_gmt":"2023-06-29T12:28:46","guid":{"rendered":"https:\/\/www.modeloshostnet.com\/bessshop\/?post_type=product&#038;p=5569"},"modified":"2023-08-07T12:04:33","modified_gmt":"2023-08-07T15:04:33","slug":"dimmer-legrand-adorne-adth700rmtuw1-touch-wifi-ma","status":"publish","type":"product","link":"https:\/\/www.modeloshostnet.com\/bessshop\/produto\/dimmer-legrand-adorne-adth700rmtuw1-touch-wifi-ma\/","title":{"rendered":"DIMMER LEGRAND ADORN\u2026"},"content":{"rendered":"<h4>Especificaciones<\/h4>\n<p>Material: Termopl\u00e1stico<br \/>\nVoltaje: 120 voltios<br \/>\nPotencia: 700 vatios<br \/>\nCapacidad de amperaje: 15 amperios<br \/>\nM\u00e9todo de instalaci\u00f3n: Montado en la pared<br \/>\nCambiar estilo: oscuro<br \/>\nDimensiones del producto: 2,5 x 3,79 x 6,01 pulgadas<br \/>\nPeso del producto: 4.6 onzas<\/p>\n<h4>V\u00eddeo<\/h4>\n<p><a href=\"https:\/\/www.youtube.com\/watch?v=4V9ugqpq2x0\">https:\/\/www.youtube.com\/watch?v=4V9ugqpq2x0<\/a><\/p>\n","protected":false},"excerpt":{"rendered":"<p>&#8211; Empareje con el control remoto SofTap WiFi para controlar una luz desde dos lugares sin necesidad de cableado. El regulador principal debe estar conectado a una luz. Personalice f\u00e1cilmente con paletas de paredes decorativas disponibles en una paleta de 32 colores brillantes y una variedad de materiales de lujo.<br \/>\n-Este atenuador es parte del sistema de iluminaci\u00f3n Wi-Fi de Adorn y se puede combinar con otros componentes del sistema para permitirle crear y controlar escenas de iluminaci\u00f3n en toda su casa.<br \/>\n-Lleva tu proyecto al siguiente nivel combinando tu atenuador SofTap con un interruptor SofTap para lograr una apariencia hermosa y elegante.<br \/>\n-Cuenta con tecnolog\u00eda Tru-Universal, que le permite soportar cualquier tipo de luz, incluyendo incandescente\/hal\u00f3gena, baja tensi\u00f3n magn\u00e9tica (MLV), baja tensi\u00f3n electr\u00f3nica (ELV), fase directa o inversa, CFL\/LED, etc.<br \/>\n-La f\u00e1cil instalaci\u00f3n &#8220;1 por 1&#8221; le permite reemplazar su regulador recortado existente en minutos. Cabe en su caja el\u00e9ctrica existente, por lo que no se necesitan cables nuevos. El innovador sistema de montaje y fijaci\u00f3n hace que la instalaci\u00f3n sea r\u00e1pida y sencilla.<\/p>\n","protected":false},"featured_media":5570,"comment_status":"closed","ping_status":"closed","template":"","meta":{"site-sidebar-layout":"default","site-content-layout":"default","ast-site-content-layout":"default","site-content-style":"default","site-sidebar-style":"default","ast-global-header-display":"","ast-banner-title-visibility":"","ast-main-header-display":"","ast-hfb-above-header-display":"","ast-hfb-below-header-display":"","ast-hfb-mobile-header-display":"","site-post-title":"","ast-breadcrumbs-content":"","ast-featured-img":"","footer-sml-layout":"","ast-disable-related-posts":"","theme-transparent-header-meta":"default","adv-header-id-meta":"","stick-header-meta":"","header-above-stick-meta":"","header-main-stick-meta":"","header-below-stick-meta":"","astra-migrate-meta-layouts":"default","ast-page-background-enabled":"default","ast-page-background-meta":{"desktop":{"background-color":"","background-image":"","background-repeat":"repeat","background-position":"center center","background-size":"auto","background-attachment":"scroll","background-type":"","background-media":"","overlay-type":"","overlay-color":"","overlay-opacity":"","overlay-gradient":""},"tablet":{"background-color":"","background-image":"","background-repeat":"repeat","background-position":"center center","background-size":"auto","background-attachment":"scroll","background-type":"","background-media":"","overlay-type":"","overlay-color":"","overlay-opacity":"","overlay-gradient":""},"mobile":{"background-color":"","background-image":"","background-repeat":"repeat","background-position":"center center","background-size":"auto","background-attachment":"scroll","background-type":"","background-media":"","overlay-type":"","overlay-color":"","overlay-opacity":"","overlay-gradient":""}},"ast-content-background-meta":{"desktop":{"background-color":"var(--ast-global-color-5)","background-image":"","background-repeat":"repeat","background-position":"center center","background-size":"auto","background-attachment":"scroll","background-type":"","background-media":"","overlay-type":"","overlay-color":"","overlay-opacity":"","overlay-gradient":""},"tablet":{"background-color":"var(--ast-global-color-5)","background-image":"","background-repeat":"repeat","background-position":"center center","background-size":"auto","background-attachment":"scroll","background-type":"","background-media":"","overlay-type":"","overlay-color":"","overlay-opacity":"","overlay-gradient":""},"mobile":{"background-color":"var(--ast-global-color-5)","background-image":"","background-repeat":"repeat","background-position":"center center","background-size":"auto","background-attachment":"scroll","background-type":"","background-media":"","overlay-type":"","overlay-color":"","overlay-opacity":"","overlay-gradient":""}}},"product_brand":[],"product_cat":[15],"product_tag":[],"class_list":{"0":"post-5569","1":"product","2":"type-product","3":"status-publish","4":"has-post-thumbnail","6":"product_cat-sem-categoria","7":"desktop-align-center","8":"tablet-align-center","9":"mobile-align-center","10":"ast-product-gallery-layout-horizontal","11":"ast-product-gallery-with-no-image","12":"ast-product-tabs-layout-horizontal","14":"first","15":"instock","16":"taxable","17":"shipping-taxable","18":"purchasable","19":"product-type-simple"},"_links":{"self":[{"href":"https:\/\/www.modeloshostnet.com\/bessshop\/wp-json\/wp\/v2\/product\/5569","targetHints":{"allow":["GET"]}}],"collection":[{"href":"https:\/\/www.modeloshostnet.com\/bessshop\/wp-json\/wp\/v2\/product"}],"about":[{"href":"https:\/\/www.modeloshostnet.com\/bessshop\/wp-json\/wp\/v2\/types\/product"}],"replies":[{"embeddable":true,"href":"https:\/\/www.modeloshostnet.com\/bessshop\/wp-json\/wp\/v2\/comments?post=5569"}],"wp:featuredmedia":[{"embeddable":true,"href":"https:\/\/www.modeloshostnet.com\/bessshop\/wp-json\/wp\/v2\/media\/5570"}],"wp:attachment":[{"href":"https:\/\/www.modeloshostnet.com\/bessshop\/wp-json\/wp\/v2\/media?parent=5569"}],"wp:term":[{"taxonomy":"product_brand","embeddable":true,"href":"https:\/\/www.modeloshostnet.com\/bessshop\/wp-json\/wp\/v2\/product_brand?post=5569"},{"taxonomy":"product_cat","embeddable":true,"href":"https:\/\/www.modeloshostnet.com\/bessshop\/wp-json\/wp\/v2\/product_cat?post=5569"},{"taxonomy":"product_tag","embeddable":true,"href":"https:\/\/www.modeloshostnet.com\/bessshop\/wp-json\/wp\/v2\/product_tag?post=5569"}],"curies":[{"name":"wp","href":"https:\/\/api.w.org\/{rel}","templated":true}]}}