{"id":5554,"date":"2023-06-28T16:30:18","date_gmt":"2023-06-28T19:30:18","guid":{"rendered":"https:\/\/www.modeloshostnet.com\/bessshop\/?post_type=product&#038;p=5554"},"modified":"2023-08-07T12:04:23","modified_gmt":"2023-08-07T15:04:23","slug":"sirene-aeon-labs-aeozw080-us-zw080-gen-n","status":"publish","type":"product","link":"https:\/\/www.modeloshostnet.com\/bessshop\/produto\/sirene-aeon-labs-aeozw080-us-zw080-gen-n\/","title":{"rendered":"SIRENE AEON LABS AEO\u2026"},"content":{"rendered":"<h4>Especificaciones<\/h4>\n<p>Cinco tons diferentes para alertas diferentes<br \/>\nAlto alerta tons at\u00e9 106dB<br \/>\nFaixa sem fio interior at\u00e9 490 p\u00e9s<br \/>\nConecta-se a uma tomada de energia padr\u00e3o<br \/>\nCarrega constantemente a bateria de backup incorporada<br \/>\nFonte de energia: built-in 430mAH<br \/>\nBateria de l\u00edtio Alarme Pot\u00eancia: 1.7W Max<br \/>\nPot\u00eancia de espera: 0.7W<br \/>\nMax.\u00a0Volume: 106 dB, reduzido no modo alimentado por bateria<br \/>\nTemperatura de funcionamento: 0 a 45 graus C<br \/>\nDist\u00e2ncia de opera\u00e7\u00e3o: at\u00e9 550 p\u00e9s (170 metros) ao ar livre<br \/>\nCertifica\u00e7\u00f5es: Z-Wave Plus, CE, RoHS<\/p>\n<h4>V\u00eddeo<\/h4>\n<p><a href=\"https:\/\/www.youtube.com\/watch?v=kkb1FOW3ZWI\">https:\/\/www.youtube.com\/watch?v=kkb1FOW3ZWI<\/a><\/p>\n","protected":false},"excerpt":{"rendered":"<p>Concebido para fornecer alertas no interior para v\u00e1rios eventos no seu sistema Z-Wave, o Alarme de Sirene Z-Wave da Aeon Labs apresenta cinco tons de alerta diferentes.\u00a0Cada tom de alerta soa a at\u00e9 106 dB, garantindo que voc\u00ea ou\u00e7a de qualquer lugar da sua casa.\u00a0A sirene tem tr\u00eas LEDs para alertas visuais.\u00a0Ele se conecta a uma tomada padr\u00e3o e recarrega constantemente uma bateria de backup embutida.\u00a0Mesmo se a energia acabar, a sirene permanecer\u00e1 ligada.<\/p>\n","protected":false},"featured_media":5555,"comment_status":"closed","ping_status":"closed","template":"","meta":{"site-sidebar-layout":"default","site-content-layout":"default","ast-site-content-layout":"default","site-content-style":"default","site-sidebar-style":"default","ast-global-header-display":"","ast-banner-title-visibility":"","ast-main-header-display":"","ast-hfb-above-header-display":"","ast-hfb-below-header-display":"","ast-hfb-mobile-header-display":"","site-post-title":"","ast-breadcrumbs-content":"","ast-featured-img":"","footer-sml-layout":"","ast-disable-related-posts":"","theme-transparent-header-meta":"default","adv-header-id-meta":"","stick-header-meta":"","header-above-stick-meta":"","header-main-stick-meta":"","header-below-stick-meta":"","astra-migrate-meta-layouts":"default","ast-page-background-enabled":"default","ast-page-background-meta":{"desktop":{"background-color":"","background-image":"","background-repeat":"repeat","background-position":"center center","background-size":"auto","background-attachment":"scroll","background-type":"","background-media":"","overlay-type":"","overlay-color":"","overlay-opacity":"","overlay-gradient":""},"tablet":{"background-color":"","background-image":"","background-repeat":"repeat","background-position":"center center","background-size":"auto","background-attachment":"scroll","background-type":"","background-media":"","overlay-type":"","overlay-color":"","overlay-opacity":"","overlay-gradient":""},"mobile":{"background-color":"","background-image":"","background-repeat":"repeat","background-position":"center center","background-size":"auto","background-attachment":"scroll","background-type":"","background-media":"","overlay-type":"","overlay-color":"","overlay-opacity":"","overlay-gradient":""}},"ast-content-background-meta":{"desktop":{"background-color":"var(--ast-global-color-5)","background-image":"","background-repeat":"repeat","background-position":"center center","background-size":"auto","background-attachment":"scroll","background-type":"","background-media":"","overlay-type":"","overlay-color":"","overlay-opacity":"","overlay-gradient":""},"tablet":{"background-color":"var(--ast-global-color-5)","background-image":"","background-repeat":"repeat","background-position":"center center","background-size":"auto","background-attachment":"scroll","background-type":"","background-media":"","overlay-type":"","overlay-color":"","overlay-opacity":"","overlay-gradient":""},"mobile":{"background-color":"var(--ast-global-color-5)","background-image":"","background-repeat":"repeat","background-position":"center center","background-size":"auto","background-attachment":"scroll","background-type":"","background-media":"","overlay-type":"","overlay-color":"","overlay-opacity":"","overlay-gradient":""}}},"product_brand":[],"product_cat":[15],"product_tag":[],"class_list":{"0":"post-5554","1":"product","2":"type-product","3":"status-publish","4":"has-post-thumbnail","6":"product_cat-sem-categoria","7":"desktop-align-center","8":"tablet-align-center","9":"mobile-align-center","10":"ast-product-gallery-layout-horizontal","11":"ast-product-gallery-with-no-image","12":"ast-product-tabs-layout-horizontal","14":"first","15":"instock","16":"taxable","17":"shipping-taxable","18":"purchasable","19":"product-type-simple"},"_links":{"self":[{"href":"https:\/\/www.modeloshostnet.com\/bessshop\/wp-json\/wp\/v2\/product\/5554","targetHints":{"allow":["GET"]}}],"collection":[{"href":"https:\/\/www.modeloshostnet.com\/bessshop\/wp-json\/wp\/v2\/product"}],"about":[{"href":"https:\/\/www.modeloshostnet.com\/bessshop\/wp-json\/wp\/v2\/types\/product"}],"replies":[{"embeddable":true,"href":"https:\/\/www.modeloshostnet.com\/bessshop\/wp-json\/wp\/v2\/comments?post=5554"}],"wp:featuredmedia":[{"embeddable":true,"href":"https:\/\/www.modeloshostnet.com\/bessshop\/wp-json\/wp\/v2\/media\/5555"}],"wp:attachment":[{"href":"https:\/\/www.modeloshostnet.com\/bessshop\/wp-json\/wp\/v2\/media?parent=5554"}],"wp:term":[{"taxonomy":"product_brand","embeddable":true,"href":"https:\/\/www.modeloshostnet.com\/bessshop\/wp-json\/wp\/v2\/product_brand?post=5554"},{"taxonomy":"product_cat","embeddable":true,"href":"https:\/\/www.modeloshostnet.com\/bessshop\/wp-json\/wp\/v2\/product_cat?post=5554"},{"taxonomy":"product_tag","embeddable":true,"href":"https:\/\/www.modeloshostnet.com\/bessshop\/wp-json\/wp\/v2\/product_tag?post=5554"}],"curies":[{"name":"wp","href":"https:\/\/api.w.org\/{rel}","templated":true}]}}