{"id":5552,"date":"2023-06-28T16:27:11","date_gmt":"2023-06-28T19:27:11","guid":{"rendered":"https:\/\/www.modeloshostnet.com\/bessshop\/?post_type=product&#038;p=5552"},"modified":"2023-08-07T12:04:18","modified_gmt":"2023-08-07T15:04:18","slug":"controlador-inteligente-vera-secure","status":"publish","type":"product","link":"https:\/\/www.modeloshostnet.com\/bessshop\/produto\/controlador-inteligente-vera-secure\/","title":{"rendered":"CONTROLADOR INTELIGE\u2026"},"content":{"rendered":"<h4>Compatibilidade<\/h4>\n<p>Funciona com os principais protocolos sem fio: Z-Wave Plus, Wi-Fi, ZigBee, Bluetooth e VeraLink e marcas de eletrodom\u00e9sticos como Nest, Schlage, Yale, Kwikset, Aeon Labs, o primeiro alerta e muitos outros. Adicione os dispositivos exatos que voc\u00ea deseja: sensores de movimento, c\u00e2meras, travas, termostatos, controladores, etc. VeraLink suporta os seguintes dispositivos 2Gig nessa altura: sensor de porta \/ janelas (3), linhas de sensores de movimento, detectores de fumo, detectores de sensores de mon\u00f3xido de carbono, sensores de quebra de vidro de inclina\u00e7\u00e3o, de controlo remoto (4 bot\u00f5es) e bot\u00e3o de p\u00e2nico. Neste momento, todos os dispositivos est\u00e3o apenas a 345 MHz (frequ\u00eancia nos Estados Unidos). Atualmente n\u00e3o h\u00e1 dispositivo de 433 MHz (frequ\u00eancia da UE).<\/p>\n<h4>Especificaciones<\/h4>\n<p>Marca: Vera Control<br \/>\nFuente de alimentaci\u00f3n: Funciona con bater\u00edas<br \/>\nTecnolog\u00eda de conectividad: Wireless<br \/>\nM\u00e9todo de control: Voz<\/p>\n<h4>V\u00eddeo<\/h4>\n<p><a href=\"https:\/\/www.youtube.com\/watch?v=IzBl8QsC9Fo\">https:\/\/www.youtube.com\/watch?v=IzBl8QsC9Fo<\/a><\/p>\n","protected":false},"excerpt":{"rendered":"<p>VeraSecure \u00e9 um controlador central da casa f\u00e1cil de instalar um sistema de seguran\u00e7a integrado.\u00a0\u00c9 como um alarme central em uma caixa.\u00a0Basta adicionar sensores, c\u00e2meras e travas, escolhendo entre dezenas de marcas e a VeraSecure faz o resto.<br \/>\nVeraSecure \u00e9 feito mais do que seguran\u00e7a: voc\u00ea pode ajustar os termostatos de controle, ilumina\u00e7\u00e3o, portas de garagem, etc.\u00a0Controle tudo, desde um simples aplicativo no seu smartphone, tablet ou computador.<\/p>\n","protected":false},"featured_media":5553,"comment_status":"closed","ping_status":"closed","template":"","meta":{"site-sidebar-layout":"default","site-content-layout":"default","ast-site-content-layout":"default","site-content-style":"default","site-sidebar-style":"default","ast-global-header-display":"","ast-banner-title-visibility":"","ast-main-header-display":"","ast-hfb-above-header-display":"","ast-hfb-below-header-display":"","ast-hfb-mobile-header-display":"","site-post-title":"","ast-breadcrumbs-content":"","ast-featured-img":"","footer-sml-layout":"","ast-disable-related-posts":"","theme-transparent-header-meta":"default","adv-header-id-meta":"","stick-header-meta":"","header-above-stick-meta":"","header-main-stick-meta":"","header-below-stick-meta":"","astra-migrate-meta-layouts":"default","ast-page-background-enabled":"default","ast-page-background-meta":{"desktop":{"background-color":"","background-image":"","background-repeat":"repeat","background-position":"center center","background-size":"auto","background-attachment":"scroll","background-type":"","background-media":"","overlay-type":"","overlay-color":"","overlay-opacity":"","overlay-gradient":""},"tablet":{"background-color":"","background-image":"","background-repeat":"repeat","background-position":"center center","background-size":"auto","background-attachment":"scroll","background-type":"","background-media":"","overlay-type":"","overlay-color":"","overlay-opacity":"","overlay-gradient":""},"mobile":{"background-color":"","background-image":"","background-repeat":"repeat","background-position":"center center","background-size":"auto","background-attachment":"scroll","background-type":"","background-media":"","overlay-type":"","overlay-color":"","overlay-opacity":"","overlay-gradient":""}},"ast-content-background-meta":{"desktop":{"background-color":"var(--ast-global-color-5)","background-image":"","background-repeat":"repeat","background-position":"center center","background-size":"auto","background-attachment":"scroll","background-type":"","background-media":"","overlay-type":"","overlay-color":"","overlay-opacity":"","overlay-gradient":""},"tablet":{"background-color":"var(--ast-global-color-5)","background-image":"","background-repeat":"repeat","background-position":"center center","background-size":"auto","background-attachment":"scroll","background-type":"","background-media":"","overlay-type":"","overlay-color":"","overlay-opacity":"","overlay-gradient":""},"mobile":{"background-color":"var(--ast-global-color-5)","background-image":"","background-repeat":"repeat","background-position":"center center","background-size":"auto","background-attachment":"scroll","background-type":"","background-media":"","overlay-type":"","overlay-color":"","overlay-opacity":"","overlay-gradient":""}}},"product_brand":[],"product_cat":[15],"product_tag":[],"class_list":{"0":"post-5552","1":"product","2":"type-product","3":"status-publish","4":"has-post-thumbnail","6":"product_cat-sem-categoria","7":"desktop-align-center","8":"tablet-align-center","9":"mobile-align-center","10":"ast-product-gallery-layout-horizontal","11":"ast-product-gallery-with-no-image","12":"ast-product-tabs-layout-horizontal","14":"first","15":"instock","16":"taxable","17":"shipping-taxable","18":"purchasable","19":"product-type-simple"},"_links":{"self":[{"href":"https:\/\/www.modeloshostnet.com\/bessshop\/wp-json\/wp\/v2\/product\/5552","targetHints":{"allow":["GET"]}}],"collection":[{"href":"https:\/\/www.modeloshostnet.com\/bessshop\/wp-json\/wp\/v2\/product"}],"about":[{"href":"https:\/\/www.modeloshostnet.com\/bessshop\/wp-json\/wp\/v2\/types\/product"}],"replies":[{"embeddable":true,"href":"https:\/\/www.modeloshostnet.com\/bessshop\/wp-json\/wp\/v2\/comments?post=5552"}],"wp:featuredmedia":[{"embeddable":true,"href":"https:\/\/www.modeloshostnet.com\/bessshop\/wp-json\/wp\/v2\/media\/5553"}],"wp:attachment":[{"href":"https:\/\/www.modeloshostnet.com\/bessshop\/wp-json\/wp\/v2\/media?parent=5552"}],"wp:term":[{"taxonomy":"product_brand","embeddable":true,"href":"https:\/\/www.modeloshostnet.com\/bessshop\/wp-json\/wp\/v2\/product_brand?post=5552"},{"taxonomy":"product_cat","embeddable":true,"href":"https:\/\/www.modeloshostnet.com\/bessshop\/wp-json\/wp\/v2\/product_cat?post=5552"},{"taxonomy":"product_tag","embeddable":true,"href":"https:\/\/www.modeloshostnet.com\/bessshop\/wp-json\/wp\/v2\/product_tag?post=5552"}],"curies":[{"name":"wp","href":"https:\/\/api.w.org\/{rel}","templated":true}]}}