{"id":5545,"date":"2023-06-28T16:12:47","date_gmt":"2023-06-28T19:12:47","guid":{"rendered":"https:\/\/www.modeloshostnet.com\/bessshop\/?post_type=product&#038;p=5545"},"modified":"2023-08-07T12:04:03","modified_gmt":"2023-08-07T15:04:03","slug":"nano-dimming-aeon-labs-aeozw111-us","status":"publish","type":"product","link":"https:\/\/www.modeloshostnet.com\/bessshop\/produto\/nano-dimming-aeon-labs-aeozw111-us\/","title":{"rendered":"NANO DIMMING AEON LA\u2026"},"content":{"rendered":"<h4>Especificaciones<\/h4>\n<p>Entrada de alimentaci\u00f3n ZW111: 120 a 240 V CA, 50\/60 Hz.<br \/>\nSalida nominal: m\u00e1x. 1,2 A.<br \/>\nPotencia m\u00e1xima en espera: 0,8 W.<br \/>\nPrecisi\u00f3n de medici\u00f3n de potencia: + o &#8211; 3W.<br \/>\nTemperatura de funcionamiento: 0 \u00b0C a 40 \u00b0C, 32 \u00b0F a 104 \u00b0F.<br \/>\nHumedad relativa: 8% a 80%.<br \/>\nDistancia de funcionamiento: hasta 150 metros en exteriores.<\/p>\n<h4>V\u00eddeo<\/h4>\n<p><a href=\"https:\/\/www.youtube.com\/watch?v=UlXU2U8jJBY\">https:\/\/www.youtube.com\/watch?v=UlXU2U8jJBY<\/a><\/p>\n","protected":false},"excerpt":{"rendered":"<p>Peque\u00f1o en tama\u00f1o, grande en potencial<br \/>\nCada Nano Dimmer est\u00e1 dise\u00f1ado para funcionar con la tecnolog\u00eda existente en su hogar. Usando el poder de la comunicaci\u00f3n inal\u00e1mbrica Z-Wave, el Nano Dimmer convertir\u00e1 su interruptor existente en un interruptor inteligente.<br \/>\nNano Dimmer puede automatizar sus dispositivos y agruparlos para crear escenas que respondan a horarios o eventos activados. El atenuador tambi\u00e9n puede monitorear su consumo de electricidad y puede controlarse desde cualquier parte del mundo a trav\u00e9s de un tel\u00e9fono inteligente. El atenuador Nano puede atenuar e iluminar l\u00e1mparas compatibles, incluidas l\u00e1mparas LED, CFL, hal\u00f3genas, fluorescentes e incandescentes.<br \/>\nEl ambiente de su espacio exterior puede ser tan integral como el de sus espacios interiores. Y con el Nano Dimmer, puede controlarlo, automatizarlo y ajustarlo tanto para la delicadeza como para la seguridad.<br \/>\ncontrol de escena. Las habitaciones no suelen tener una sola luz. Es por eso que el Nano Dimmer puede ser parte de una escena, lo que le permite agrupar las luces para que funcionen sincronizadas y se comuniquen entre s\u00ed sin esfuerzo.<br \/>\nTecnolog\u00eda Gen5. Como parte de la serie Generation 5 de Aeon Labs, el Nano Dimmer brinda una mejor conectividad y rendimiento. La tecnolog\u00eda Gen 5 es la vanguardia de la tecnolog\u00eda Z-Wave y presenta la compatibilidad Z-Wave m\u00e1s amplia posible, as\u00ed como seguridad mejorada, duraci\u00f3n de la bater\u00eda y potencia de la se\u00f1al.<br \/>\nCableado compatible de 3 v\u00edas. El cableado no siempre es sencillo y el Nano Dimmer funciona con cableado simple o instalaciones complejas de 2 o 3 cables.<\/p>\n","protected":false},"featured_media":5546,"comment_status":"closed","ping_status":"closed","template":"","meta":{"site-sidebar-layout":"default","site-content-layout":"default","ast-site-content-layout":"default","site-content-style":"default","site-sidebar-style":"default","ast-global-header-display":"","ast-banner-title-visibility":"","ast-main-header-display":"","ast-hfb-above-header-display":"","ast-hfb-below-header-display":"","ast-hfb-mobile-header-display":"","site-post-title":"","ast-breadcrumbs-content":"","ast-featured-img":"","footer-sml-layout":"","ast-disable-related-posts":"","theme-transparent-header-meta":"default","adv-header-id-meta":"","stick-header-meta":"","header-above-stick-meta":"","header-main-stick-meta":"","header-below-stick-meta":"","astra-migrate-meta-layouts":"default","ast-page-background-enabled":"default","ast-page-background-meta":{"desktop":{"background-color":"","background-image":"","background-repeat":"repeat","background-position":"center center","background-size":"auto","background-attachment":"scroll","background-type":"","background-media":"","overlay-type":"","overlay-color":"","overlay-opacity":"","overlay-gradient":""},"tablet":{"background-color":"","background-image":"","background-repeat":"repeat","background-position":"center center","background-size":"auto","background-attachment":"scroll","background-type":"","background-media":"","overlay-type":"","overlay-color":"","overlay-opacity":"","overlay-gradient":""},"mobile":{"background-color":"","background-image":"","background-repeat":"repeat","background-position":"center center","background-size":"auto","background-attachment":"scroll","background-type":"","background-media":"","overlay-type":"","overlay-color":"","overlay-opacity":"","overlay-gradient":""}},"ast-content-background-meta":{"desktop":{"background-color":"var(--ast-global-color-5)","background-image":"","background-repeat":"repeat","background-position":"center center","background-size":"auto","background-attachment":"scroll","background-type":"","background-media":"","overlay-type":"","overlay-color":"","overlay-opacity":"","overlay-gradient":""},"tablet":{"background-color":"var(--ast-global-color-5)","background-image":"","background-repeat":"repeat","background-position":"center center","background-size":"auto","background-attachment":"scroll","background-type":"","background-media":"","overlay-type":"","overlay-color":"","overlay-opacity":"","overlay-gradient":""},"mobile":{"background-color":"var(--ast-global-color-5)","background-image":"","background-repeat":"repeat","background-position":"center center","background-size":"auto","background-attachment":"scroll","background-type":"","background-media":"","overlay-type":"","overlay-color":"","overlay-opacity":"","overlay-gradient":""}}},"product_brand":[],"product_cat":[15],"product_tag":[],"class_list":{"0":"post-5545","1":"product","2":"type-product","3":"status-publish","4":"has-post-thumbnail","6":"product_cat-sem-categoria","7":"desktop-align-center","8":"tablet-align-center","9":"mobile-align-center","10":"ast-product-gallery-layout-horizontal","11":"ast-product-gallery-with-no-image","12":"ast-product-tabs-layout-horizontal","14":"first","15":"instock","16":"taxable","17":"shipping-taxable","18":"purchasable","19":"product-type-simple"},"_links":{"self":[{"href":"https:\/\/www.modeloshostnet.com\/bessshop\/wp-json\/wp\/v2\/product\/5545","targetHints":{"allow":["GET"]}}],"collection":[{"href":"https:\/\/www.modeloshostnet.com\/bessshop\/wp-json\/wp\/v2\/product"}],"about":[{"href":"https:\/\/www.modeloshostnet.com\/bessshop\/wp-json\/wp\/v2\/types\/product"}],"replies":[{"embeddable":true,"href":"https:\/\/www.modeloshostnet.com\/bessshop\/wp-json\/wp\/v2\/comments?post=5545"}],"wp:featuredmedia":[{"embeddable":true,"href":"https:\/\/www.modeloshostnet.com\/bessshop\/wp-json\/wp\/v2\/media\/5546"}],"wp:attachment":[{"href":"https:\/\/www.modeloshostnet.com\/bessshop\/wp-json\/wp\/v2\/media?parent=5545"}],"wp:term":[{"taxonomy":"product_brand","embeddable":true,"href":"https:\/\/www.modeloshostnet.com\/bessshop\/wp-json\/wp\/v2\/product_brand?post=5545"},{"taxonomy":"product_cat","embeddable":true,"href":"https:\/\/www.modeloshostnet.com\/bessshop\/wp-json\/wp\/v2\/product_cat?post=5545"},{"taxonomy":"product_tag","embeddable":true,"href":"https:\/\/www.modeloshostnet.com\/bessshop\/wp-json\/wp\/v2\/product_tag?post=5545"}],"curies":[{"name":"wp","href":"https:\/\/api.w.org\/{rel}","templated":true}]}}