{"id":5542,"date":"2023-06-28T16:08:44","date_gmt":"2023-06-28T19:08:44","guid":{"rendered":"https:\/\/www.modeloshostnet.com\/bessshop\/?post_type=product&#038;p=5542"},"modified":"2023-08-07T12:03:40","modified_gmt":"2023-08-07T15:03:40","slug":"controlador-inteligente-vera-edge","status":"publish","type":"product","link":"https:\/\/www.modeloshostnet.com\/bessshop\/produto\/controlador-inteligente-vera-edge\/","title":{"rendered":"CONTROLADOR INTELIGE\u2026"},"content":{"rendered":"<h4>Especificaciones<\/h4>\n<p>Controlador principal: Z-Wave<br \/>\nCertificado Z-Wave Plus: Nueva serie chiset 500<br \/>\nCPU: MIPS de 600 MHz<br \/>\nMemoria: 128 MB Flash 128 MB DDR2<br \/>\nWi-Fi: (802.11a\/b\/g\/n)<br \/>\nFuente de alimentaci\u00f3n: CA 100 ~ 240 V, 50 ~ 60 Hz \/ CC 12 V \/ 2 A (adaptador incluido)<br \/>\nFrecuencias Z-Wave: 868.42 Mhz<br \/>\nAlcance Alcance: hasta 100m<br \/>\nEthernet: 1Puerto USB: 1<br \/>\nDimensiones: 11,55 cm x 7,95 cm x 3,05 cm<br \/>\nSistema Operativo: Linux<\/p>\n<h4>V\u00eddeo<\/h4>\n<p><a href=\"https:\/\/www.youtube.com\/watch?v=asYslURHQ4c\">https:\/\/www.youtube.com\/watch?v=asYslURHQ4c<\/a><\/p>\n<p>&nbsp;<\/p>\n","protected":false},"excerpt":{"rendered":"<p>El nuevo Vera Edge es un controlador principal Z-Wave, que le permite controlar una red Z-Wave completa a trav\u00e9s de su interfaz de usuario web en su computadora personal o desde su tel\u00e9fono inteligente o tel\u00e9fono inteligente. Adem\u00e1s, te permite controlar tu hogar desde cualquier parte del mundo.<\/p>\n<p>La interfaz de usuario UI7 ya es la s\u00e9ptima generaci\u00f3n del sistema Vera Control. Es muy intuitivo y sirve para configurar escenas, aplicaciones, asociaciones y finalmente controlar toda la casa.<\/p>\n<p>Adem\u00e1s, puede leer datos de sensores (temperatura, movimiento, apertura de puertas o ventanas), datos de medici\u00f3n energ\u00e9tica de consumo de energ\u00eda, as\u00ed como recibir im\u00e1genes de c\u00e1maras IP.<\/p>\n<p>Incorpora la \u00faltima tecnolog\u00eda Z-Wave Plus y puede conectarse a Internet y a la red de su hogar a trav\u00e9s de ethernet o wifi<\/p>\n<p>La interfaz de usuario actualmente solo est\u00e1 disponible en ingl\u00e9s.<\/p>\n<p>Vera Edge es la evoluci\u00f3n de los exitosos controladores Vera Lite y Vera 3 que est\u00e1n descontinuados.<\/p>\n","protected":false},"featured_media":5543,"comment_status":"closed","ping_status":"closed","template":"","meta":{"site-sidebar-layout":"default","site-content-layout":"default","ast-site-content-layout":"default","site-content-style":"default","site-sidebar-style":"default","ast-global-header-display":"","ast-banner-title-visibility":"","ast-main-header-display":"","ast-hfb-above-header-display":"","ast-hfb-below-header-display":"","ast-hfb-mobile-header-display":"","site-post-title":"","ast-breadcrumbs-content":"","ast-featured-img":"","footer-sml-layout":"","ast-disable-related-posts":"","theme-transparent-header-meta":"default","adv-header-id-meta":"","stick-header-meta":"","header-above-stick-meta":"","header-main-stick-meta":"","header-below-stick-meta":"","astra-migrate-meta-layouts":"default","ast-page-background-enabled":"default","ast-page-background-meta":{"desktop":{"background-color":"","background-image":"","background-repeat":"repeat","background-position":"center center","background-size":"auto","background-attachment":"scroll","background-type":"","background-media":"","overlay-type":"","overlay-color":"","overlay-opacity":"","overlay-gradient":""},"tablet":{"background-color":"","background-image":"","background-repeat":"repeat","background-position":"center center","background-size":"auto","background-attachment":"scroll","background-type":"","background-media":"","overlay-type":"","overlay-color":"","overlay-opacity":"","overlay-gradient":""},"mobile":{"background-color":"","background-image":"","background-repeat":"repeat","background-position":"center center","background-size":"auto","background-attachment":"scroll","background-type":"","background-media":"","overlay-type":"","overlay-color":"","overlay-opacity":"","overlay-gradient":""}},"ast-content-background-meta":{"desktop":{"background-color":"var(--ast-global-color-5)","background-image":"","background-repeat":"repeat","background-position":"center center","background-size":"auto","background-attachment":"scroll","background-type":"","background-media":"","overlay-type":"","overlay-color":"","overlay-opacity":"","overlay-gradient":""},"tablet":{"background-color":"var(--ast-global-color-5)","background-image":"","background-repeat":"repeat","background-position":"center center","background-size":"auto","background-attachment":"scroll","background-type":"","background-media":"","overlay-type":"","overlay-color":"","overlay-opacity":"","overlay-gradient":""},"mobile":{"background-color":"var(--ast-global-color-5)","background-image":"","background-repeat":"repeat","background-position":"center center","background-size":"auto","background-attachment":"scroll","background-type":"","background-media":"","overlay-type":"","overlay-color":"","overlay-opacity":"","overlay-gradient":""}}},"product_brand":[],"product_cat":[15],"product_tag":[],"class_list":{"0":"post-5542","1":"product","2":"type-product","3":"status-publish","4":"has-post-thumbnail","6":"product_cat-sem-categoria","7":"desktop-align-center","8":"tablet-align-center","9":"mobile-align-center","10":"ast-product-gallery-layout-horizontal","11":"ast-product-gallery-with-no-image","12":"ast-product-tabs-layout-horizontal","14":"first","15":"instock","16":"taxable","17":"shipping-taxable","18":"purchasable","19":"product-type-simple"},"_links":{"self":[{"href":"https:\/\/www.modeloshostnet.com\/bessshop\/wp-json\/wp\/v2\/product\/5542","targetHints":{"allow":["GET"]}}],"collection":[{"href":"https:\/\/www.modeloshostnet.com\/bessshop\/wp-json\/wp\/v2\/product"}],"about":[{"href":"https:\/\/www.modeloshostnet.com\/bessshop\/wp-json\/wp\/v2\/types\/product"}],"replies":[{"embeddable":true,"href":"https:\/\/www.modeloshostnet.com\/bessshop\/wp-json\/wp\/v2\/comments?post=5542"}],"wp:featuredmedia":[{"embeddable":true,"href":"https:\/\/www.modeloshostnet.com\/bessshop\/wp-json\/wp\/v2\/media\/5543"}],"wp:attachment":[{"href":"https:\/\/www.modeloshostnet.com\/bessshop\/wp-json\/wp\/v2\/media?parent=5542"}],"wp:term":[{"taxonomy":"product_brand","embeddable":true,"href":"https:\/\/www.modeloshostnet.com\/bessshop\/wp-json\/wp\/v2\/product_brand?post=5542"},{"taxonomy":"product_cat","embeddable":true,"href":"https:\/\/www.modeloshostnet.com\/bessshop\/wp-json\/wp\/v2\/product_cat?post=5542"},{"taxonomy":"product_tag","embeddable":true,"href":"https:\/\/www.modeloshostnet.com\/bessshop\/wp-json\/wp\/v2\/product_tag?post=5542"}],"curies":[{"name":"wp","href":"https:\/\/api.w.org\/{rel}","templated":true}]}}