{"id":3,"date":"2018-10-05T14:34:01","date_gmt":"2018-10-05T17:34:01","guid":{"rendered":"http:\/\/www.modeloshostnet.com\/bessshop\/\/?page_id=3"},"modified":"2023-06-29T11:02:03","modified_gmt":"2023-06-29T14:02:03","slug":"politica-de-privacidade","status":"publish","type":"page","link":"https:\/\/www.modeloshostnet.com\/bessshop\/politica-de-privacidade\/","title":{"rendered":"Pol\u00edtica de Privacidade"},"content":{"rendered":"\t\t<div data-elementor-type=\"wp-page\" data-elementor-id=\"3\" class=\"elementor elementor-3\" data-elementor-post-type=\"page\">\n\t\t\t\t\t\t<section class=\"elementor-section elementor-top-section elementor-element elementor-element-96d3f18 elementor-section-boxed elementor-section-height-default elementor-section-height-default\" data-id=\"96d3f18\" data-element_type=\"section\" data-e-type=\"section\" data-settings=\"{&quot;background_background&quot;:&quot;gradient&quot;}\">\n\t\t\t\t\t\t<div class=\"elementor-container elementor-column-gap-default\">\n\t\t\t\t\t<div class=\"elementor-column elementor-col-100 elementor-top-column elementor-element elementor-element-85b7eae\" data-id=\"85b7eae\" data-element_type=\"column\" data-e-type=\"column\" data-settings=\"{&quot;background_background&quot;:&quot;classic&quot;}\">\n\t\t\t<div class=\"elementor-widget-wrap elementor-element-populated\">\n\t\t\t\t\t\t<div class=\"elementor-element elementor-element-fa7edaf elementor-widget elementor-widget-heading\" data-id=\"fa7edaf\" data-element_type=\"widget\" data-e-type=\"widget\" data-widget_type=\"heading.default\">\n\t\t\t\t<div class=\"elementor-widget-container\">\n\t\t\t\t\t<h1 class=\"elementor-heading-title elementor-size-default\">Pol\u00edtica de Privacidade<\/h1>\t\t\t\t<\/div>\n\t\t\t\t<\/div>\n\t\t\t\t<div class=\"elementor-element elementor-element-d0be6d1 elementor-widget elementor-widget-text-editor\" data-id=\"d0be6d1\" data-element_type=\"widget\" data-e-type=\"widget\" data-widget_type=\"text-editor.default\">\n\t\t\t\t<div class=\"elementor-widget-container\">\n\t\t\t\t\t\t\t\t\t<p>Su privacidad es importante para nosotros. La pol\u00edtica de BESS SHOP es respetar su privacidad con respecto a cualquier informaci\u00f3n que podamos recopilar de usted en el sitio web de BESS SHOP y otros sitios web que poseemos y operamos.<\/p><p>Solo solicitamos informaci\u00f3n personal cuando realmente la necesitamos para brindarle un servicio. Hacemos esto por medios justos y legales, con su conocimiento y consentimiento. Tambi\u00e9n le informamos por qu\u00e9 lo recopilamos y c\u00f3mo se utilizar\u00e1.<\/p><p>Solo conservamos la informaci\u00f3n recopilada durante el tiempo que sea necesario para proporcionar el servicio solicitado. Cuando almacenamos datos, los protegemos dentro de los medios comercialmente aceptables para evitar p\u00e9rdidas y robos, as\u00ed como acceso, divulgaci\u00f3n, copia, uso o modificaci\u00f3n no autorizados.<\/p><p>No compartimos informaci\u00f3n de identificaci\u00f3n personal p\u00fablicamente o con terceros, excepto seg\u00fan lo exija la ley.<\/p><p>Nuestro sitio web puede tener enlaces a sitios web externos que no son operados por nosotros. Tenga en cuenta que no tenemos control sobre el contenido y las pr\u00e1cticas de estos sitios y no podemos aceptar responsabilidad por sus respectivas pol\u00edticas de privacidad.<\/p><p>Puede rechazar nuestra solicitud de informaci\u00f3n personal, entendiendo que es posible que no podamos brindarle algunos de los servicios que desea.<\/p><p>El uso continuado de nuestro sitio web se considerar\u00e1 como la aceptaci\u00f3n de nuestras pr\u00e1cticas sobre privacidad e informaci\u00f3n personal. Si tiene alguna pregunta sobre c\u00f3mo manejamos los datos de los usuarios y la informaci\u00f3n personal, comun\u00edquese con nosotros.<\/p>\t\t\t\t\t\t\t\t<\/div>\n\t\t\t\t<\/div>\n\t\t\t\t<div class=\"elementor-element elementor-element-a49f7e9 elementor-widget elementor-widget-heading\" data-id=\"a49f7e9\" data-element_type=\"widget\" data-e-type=\"widget\" data-widget_type=\"heading.default\">\n\t\t\t\t<div class=\"elementor-widget-container\">\n\t\t\t\t\t<h3 class=\"elementor-heading-title elementor-size-default\">Pol\u00edtica de Cookies TIENDA BESS<\/h3>\t\t\t\t<\/div>\n\t\t\t\t<\/div>\n\t\t\t\t<div class=\"elementor-element elementor-element-ebabe1f elementor-widget elementor-widget-heading\" data-id=\"ebabe1f\" data-element_type=\"widget\" data-e-type=\"widget\" data-widget_type=\"heading.default\">\n\t\t\t\t<div class=\"elementor-widget-container\">\n\t\t\t\t\t<h5 class=\"elementor-heading-title elementor-size-default\">\u00bfQu\u00e9 son las cookies?<\/h5>\t\t\t\t<\/div>\n\t\t\t\t<\/div>\n\t\t\t\t<div class=\"elementor-element elementor-element-94d685b elementor-widget elementor-widget-text-editor\" data-id=\"94d685b\" data-element_type=\"widget\" data-e-type=\"widget\" data-widget_type=\"text-editor.default\">\n\t\t\t\t<div class=\"elementor-widget-container\">\n\t\t\t\t\t\t\t\t\t<p>Como es pr\u00e1ctica com\u00fan en casi todos los sitios web profesionales, este sitio web utiliza cookies, que son peque\u00f1os archivos que se descargan en su computadora, para mejorar su experiencia. Esta p\u00e1gina describe qu\u00e9 informaci\u00f3n recopilan, c\u00f3mo la usamos y por qu\u00e9 a veces necesitamos almacenar estas cookies. Tambi\u00e9n compartiremos c\u00f3mo puede evitar que se almacenen estas cookies, sin embargo, esto puede degradar o &#8220;romper&#8221; ciertos elementos de la funcionalidad de la pagina.<\/p>\t\t\t\t\t\t\t\t<\/div>\n\t\t\t\t<\/div>\n\t\t\t\t<div class=\"elementor-element elementor-element-c5617cb elementor-widget elementor-widget-heading\" data-id=\"c5617cb\" data-element_type=\"widget\" data-e-type=\"widget\" data-widget_type=\"heading.default\">\n\t\t\t\t<div class=\"elementor-widget-container\">\n\t\t\t\t\t<h5 class=\"elementor-heading-title elementor-size-default\">C\u00f3mo usamos las cookies?<\/h5>\t\t\t\t<\/div>\n\t\t\t\t<\/div>\n\t\t\t\t<div class=\"elementor-element elementor-element-1307ac3 elementor-widget elementor-widget-text-editor\" data-id=\"1307ac3\" data-element_type=\"widget\" data-e-type=\"widget\" data-widget_type=\"text-editor.default\">\n\t\t\t\t<div class=\"elementor-widget-container\">\n\t\t\t\t\t\t\t\t\t<p>Usamos cookies por una variedad de razones, que se detallan a continuaci\u00f3n. Desafortunadamente, en la mayor\u00eda de los casos, no existen opciones est\u00e1ndar de la industria para deshabilitar los cookies, sin deshabilitar por completo la funcionalidad y las caracter\u00edsticas que agregan a este sitio web. Se recomienda que omita todas los cookies si no est\u00e1 seguro que necesite o que no se utilizan para proporcionar un servicio que utiliza.<\/p>\t\t\t\t\t\t\t\t<\/div>\n\t\t\t\t<\/div>\n\t\t\t\t<div class=\"elementor-element elementor-element-5414214 elementor-widget elementor-widget-heading\" data-id=\"5414214\" data-element_type=\"widget\" data-e-type=\"widget\" data-widget_type=\"heading.default\">\n\t\t\t\t<div class=\"elementor-widget-container\">\n\t\t\t\t\t<h5 class=\"elementor-heading-title elementor-size-default\">Deshabilitar las cookies<\/h5>\t\t\t\t<\/div>\n\t\t\t\t<\/div>\n\t\t\t\t<div class=\"elementor-element elementor-element-fd5929a elementor-widget elementor-widget-text-editor\" data-id=\"fd5929a\" data-element_type=\"widget\" data-e-type=\"widget\" data-widget_type=\"text-editor.default\">\n\t\t\t\t<div class=\"elementor-widget-container\">\n\t\t\t\t\t\t\t\t\t<p>Puede evitar la configuraci\u00f3n de cookies ajustando la configuraci\u00f3n de su navegador (consulte la Ayuda de su navegador para saber c\u00f3mo hacerlo). Tenga en cuenta que deshabilitar los cookies afectar\u00e1 la funcionalidad de este y muchos otros sitios web que visite. Deshabilitar los cookies generalmente resultar\u00e1\u00a0 la deshabilitaci\u00f3n de ciertas funciones y caracter\u00edsticas de este pagina web. Por lo tanto, se recomienda que no deshabilite los cookies.<\/p>\t\t\t\t\t\t\t\t<\/div>\n\t\t\t\t<\/div>\n\t\t\t\t<div class=\"elementor-element elementor-element-7669b68 elementor-widget elementor-widget-heading\" data-id=\"7669b68\" data-element_type=\"widget\" data-e-type=\"widget\" data-widget_type=\"heading.default\">\n\t\t\t\t<div class=\"elementor-widget-container\">\n\t\t\t\t\t<h3 class=\"elementor-heading-title elementor-size-default\">Cookies que definimos<\/h3>\t\t\t\t<\/div>\n\t\t\t\t<\/div>\n\t\t\t\t<div class=\"elementor-element elementor-element-0907bc8 elementor-widget elementor-widget-heading\" data-id=\"0907bc8\" data-element_type=\"widget\" data-e-type=\"widget\" data-widget_type=\"heading.default\">\n\t\t\t\t<div class=\"elementor-widget-container\">\n\t\t\t\t\t<h5 class=\"elementor-heading-title elementor-size-default\">Cookies relacionadas con la cuenta<\/h5>\t\t\t\t<\/div>\n\t\t\t\t<\/div>\n\t\t\t\t<div class=\"elementor-element elementor-element-47dbc14 elementor-widget elementor-widget-text-editor\" data-id=\"47dbc14\" data-element_type=\"widget\" data-e-type=\"widget\" data-widget_type=\"text-editor.default\">\n\t\t\t\t<div class=\"elementor-widget-container\">\n\t\t\t\t\t\t\t\t\t<p>Si crea una cuenta con nosotros, utilizaremos cookies para la gesti\u00f3n del proceso de registro y administraci\u00f3n general. Estas cookies generalmente se eliminar\u00e1n cuando cierre la sesi\u00f3n, sin embargo, en algunos casos, pueden permanecer despu\u00e9s para recordar las preferencias de su pagina cuando cierre la sesi\u00f3n.<\/p>\t\t\t\t\t\t\t\t<\/div>\n\t\t\t\t<\/div>\n\t\t\t\t<div class=\"elementor-element elementor-element-734b8bf elementor-widget elementor-widget-heading\" data-id=\"734b8bf\" data-element_type=\"widget\" data-e-type=\"widget\" data-widget_type=\"heading.default\">\n\t\t\t\t<div class=\"elementor-widget-container\">\n\t\t\t\t\t<h5 class=\"elementor-heading-title elementor-size-default\">Cookies relacionadas con el inicio de sesi\u00f3n<\/h5>\t\t\t\t<\/div>\n\t\t\t\t<\/div>\n\t\t\t\t<div class=\"elementor-element elementor-element-1f1627a elementor-widget elementor-widget-text-editor\" data-id=\"1f1627a\" data-element_type=\"widget\" data-e-type=\"widget\" data-widget_type=\"text-editor.default\">\n\t\t\t\t<div class=\"elementor-widget-container\">\n\t\t\t\t\t\t\t\t\t<p>Usamos cookies cuando est\u00e1 conectado para que podamos recordar esa acci\u00f3n. Esto le evita tener que iniciar sesi\u00f3n cada vez que visita una nueva p\u00e1gina. Estas cookies normalmente se eliminan o borran cuando cierra sesi\u00f3n para garantizar que solo pueda acceder a funciones y \u00e1reas restringidas cuando inicie sesi\u00f3n.<\/p>\t\t\t\t\t\t\t\t<\/div>\n\t\t\t\t<\/div>\n\t\t\t\t<div class=\"elementor-element elementor-element-d95dff7 elementor-widget elementor-widget-heading\" data-id=\"d95dff7\" data-element_type=\"widget\" data-e-type=\"widget\" data-widget_type=\"heading.default\">\n\t\t\t\t<div class=\"elementor-widget-container\">\n\t\t\t\t\t<h5 class=\"elementor-heading-title elementor-size-default\">Cookies relacionadas con boletines de correo electr\u00f3nico<\/h5>\t\t\t\t<\/div>\n\t\t\t\t<\/div>\n\t\t\t\t<div class=\"elementor-element elementor-element-d624241 elementor-widget elementor-widget-text-editor\" data-id=\"d624241\" data-element_type=\"widget\" data-e-type=\"widget\" data-widget_type=\"text-editor.default\">\n\t\t\t\t<div class=\"elementor-widget-container\">\n\t\t\t\t\t\t\t\t\t<p>Este sitio web ofrece servicios de suscripci\u00f3n a boletines o correos electr\u00f3nicos y se pueden utilizar cookies para recordar si ya est\u00e1 registrado y mostrar ciertas notificaciones v\u00e1lidas solo para usuarios suscritos o no suscritos.<\/p>\t\t\t\t\t\t\t\t<\/div>\n\t\t\t\t<\/div>\n\t\t\t\t<div class=\"elementor-element elementor-element-c771228 elementor-widget elementor-widget-heading\" data-id=\"c771228\" data-element_type=\"widget\" data-e-type=\"widget\" data-widget_type=\"heading.default\">\n\t\t\t\t<div class=\"elementor-widget-container\">\n\t\t\t\t\t<h5 class=\"elementor-heading-title elementor-size-default\">Cookies relacionadas con el procesamiento de pedidos<\/h5>\t\t\t\t<\/div>\n\t\t\t\t<\/div>\n\t\t\t\t<div class=\"elementor-element elementor-element-218bd82 elementor-widget elementor-widget-text-editor\" data-id=\"218bd82\" data-element_type=\"widget\" data-e-type=\"widget\" data-widget_type=\"text-editor.default\">\n\t\t\t\t<div class=\"elementor-widget-container\">\n\t\t\t\t\t\t\t\t\t<p>Este sitio web ofrece comercio electr\u00f3nico o facilidades de pago y algunas cookies son esenciales para garantizar que su pedido sea recordado entre p\u00e1ginas para que podamos procesarlo correctamente.<\/p>\t\t\t\t\t\t\t\t<\/div>\n\t\t\t\t<\/div>\n\t\t\t\t<div class=\"elementor-element elementor-element-4b56a6a elementor-widget elementor-widget-heading\" data-id=\"4b56a6a\" data-element_type=\"widget\" data-e-type=\"widget\" data-widget_type=\"heading.default\">\n\t\t\t\t<div class=\"elementor-widget-container\">\n\t\t\t\t\t<h5 class=\"elementor-heading-title elementor-size-default\">Buscar cookies relacionadas<\/h5>\t\t\t\t<\/div>\n\t\t\t\t<\/div>\n\t\t\t\t<div class=\"elementor-element elementor-element-cdc8079 elementor-widget elementor-widget-text-editor\" data-id=\"cdc8079\" data-element_type=\"widget\" data-e-type=\"widget\" data-widget_type=\"text-editor.default\">\n\t\t\t\t<div class=\"elementor-widget-container\">\n\t\t\t\t\t\t\t\t\t<p>De vez en cuando, ofrecemos encuestas y cuestionarios para brindarle informaci\u00f3n interesante, herramientas \u00fatiles o para comprender nuestra base de usuarios con mayor precisi\u00f3n. Estas encuestas pueden usar cookies para recordar qui\u00e9n ya particip\u00f3 en una encuesta o para proporcionar resultados precisos despu\u00e9s de cambiar de p\u00e1gina.<\/p>\t\t\t\t\t\t\t\t<\/div>\n\t\t\t\t<\/div>\n\t\t\t\t<div class=\"elementor-element elementor-element-6275c41 elementor-widget elementor-widget-heading\" data-id=\"6275c41\" data-element_type=\"widget\" data-e-type=\"widget\" data-widget_type=\"heading.default\">\n\t\t\t\t<div class=\"elementor-widget-container\">\n\t\t\t\t\t<h5 class=\"elementor-heading-title elementor-size-default\">Cookies relacionadas con formularios<\/h5>\t\t\t\t<\/div>\n\t\t\t\t<\/div>\n\t\t\t\t<div class=\"elementor-element elementor-element-4e8c183 elementor-widget elementor-widget-text-editor\" data-id=\"4e8c183\" data-element_type=\"widget\" data-e-type=\"widget\" data-widget_type=\"text-editor.default\">\n\t\t\t\t<div class=\"elementor-widget-container\">\n\t\t\t\t\t\t\t\t\t<p>Cuando env\u00eda datos a trav\u00e9s de un formulario como los que se encuentran en las p\u00e1ginas de contacto o formularios de comentarios, las cookies pueden configurarse para recordar sus datos de usuario para una correspondencia futura.<\/p>\t\t\t\t\t\t\t\t<\/div>\n\t\t\t\t<\/div>\n\t\t\t\t<div class=\"elementor-element elementor-element-ec2ae07 elementor-widget elementor-widget-heading\" data-id=\"ec2ae07\" data-element_type=\"widget\" data-e-type=\"widget\" data-widget_type=\"heading.default\">\n\t\t\t\t<div class=\"elementor-widget-container\">\n\t\t\t\t\t<h5 class=\"elementor-heading-title elementor-size-default\">Cookies de preferencia pagina web<\/h5>\t\t\t\t<\/div>\n\t\t\t\t<\/div>\n\t\t\t\t<div class=\"elementor-element elementor-element-13a56e6 elementor-widget elementor-widget-text-editor\" data-id=\"13a56e6\" data-element_type=\"widget\" data-e-type=\"widget\" data-widget_type=\"text-editor.default\">\n\t\t\t\t<div class=\"elementor-widget-container\">\n\t\t\t\t\t\t\t\t\t<p>Con el fin de brindarle una experiencia \u00f3ptima en nuestra pagina web, proporcionamos la funcionalidad para establecer sus preferencias sobre c\u00f3mo funciona este pagina web cuando lo usa. Recordando tus preferencias.<\/p>\t\t\t\t\t\t\t\t<\/div>\n\t\t\t\t<\/div>\n\t\t\t\t<div class=\"elementor-element elementor-element-f8c7186 elementor-widget elementor-widget-heading\" data-id=\"f8c7186\" data-element_type=\"widget\" data-e-type=\"widget\" data-widget_type=\"heading.default\">\n\t\t\t\t<div class=\"elementor-widget-container\">\n\t\t\t\t\t<h3 class=\"elementor-heading-title elementor-size-default\">Cookies de terceros<\/h3>\t\t\t\t<\/div>\n\t\t\t\t<\/div>\n\t\t\t\t<div class=\"elementor-element elementor-element-635e646 elementor-widget elementor-widget-text-editor\" data-id=\"635e646\" data-element_type=\"widget\" data-e-type=\"widget\" data-widget_type=\"text-editor.default\">\n\t\t\t\t<div class=\"elementor-widget-container\">\n\t\t\t\t\t\t\t\t\t<p>En algunos casos especiales, tambi\u00e9n utilizamos cookies proporcionadas por terceros de confianza. La siguiente secci\u00f3n detalla qu\u00e9 cookies de terceros puede encontrar a trav\u00e9s de esta pagina web.<\/p><p>Este pagina\u00a0 web utiliza Google Analytics, que es una de las soluciones de an\u00e1lisis m\u00e1s extendidas y confiables en la web, para ayudarnos a comprender c\u00f3mo usa el pagina web y c\u00f3mo podemos mejorar su experiencia.\u00a0<\/p><p>Estos cookies pueden rastrear cosas como cu\u00e1nto tiempo pasa en el sitio y qu\u00e9 p\u00e1ginas visita para que podamos continuar produciendo contenido atractivo.<\/p><p>Para obtener m\u00e1s informaci\u00f3n sobre las cookies de Google Analytics, consulte la p\u00e1gina oficial de Google Analytics.<\/p><p>Los an\u00e1lisis de terceros se utilizan para rastrear y medir el uso de este sitio para que podamos continuar produciendo contenido atractivo. Estas cookies pueden rastrear cosas como cu\u00e1nto tiempo pasa en el sitio o qu\u00e9 p\u00e1ginas visita, lo que nos ayuda a comprender c\u00f3mo podemos mejorar la pagina para usted.<\/p><p>Peri\u00f3dicamente, probamos nuevas funciones y hacemos cambios sutiles en la apariencia de la pagina. Cuando todav\u00eda estamos probando nuevas funciones, estas cookies pueden usarse para garantizar que reciba una experiencia consistente mientras est\u00e1 en el la pagina para comprender qu\u00e9 optimizaciones aprecian m\u00e1s nuestros usuarios.<\/p><p>A medida que vendemos productos, es importante para nosotros comprender las estad\u00edsticas sobre cu\u00e1ntos visitantes de nuestra pagina realmente realizan una compra y, por lo tanto, este es el tipo de datos que rastrear\u00e1n estos cookies. Esto es importante para usted, ya que significa que podemos hacer predicciones comerciales precisas que nos permitan analizar nuestros costos de publicidad y productos para garantizar el mejor precio posible.<\/p>\t\t\t\t\t\t\t\t<\/div>\n\t\t\t\t<\/div>\n\t\t\t\t<div class=\"elementor-element elementor-element-fc1b958 elementor-widget elementor-widget-heading\" data-id=\"fc1b958\" data-element_type=\"widget\" data-e-type=\"widget\" data-widget_type=\"heading.default\">\n\t\t\t\t<div class=\"elementor-widget-container\">\n\t\t\t\t\t<h3 class=\"elementor-heading-title elementor-size-default\">Compromiso del usuario<\/h3>\t\t\t\t<\/div>\n\t\t\t\t<\/div>\n\t\t\t\t<div class=\"elementor-element elementor-element-9f55143 elementor-widget__width-initial elementor-widget elementor-widget-text-editor\" data-id=\"9f55143\" data-element_type=\"widget\" data-e-type=\"widget\" data-widget_type=\"text-editor.default\">\n\t\t\t\t<div class=\"elementor-widget-container\">\n\t\t\t\t\t\t\t\t\t<p>El usuario se compromete a hacer un uso correcto de los contenidos e informaci\u00f3n que BESS SHOP ofrece en la pagina web y con car\u00e1cter enunciativo, pero no limitativo:<\/p><ul><li>A) No realizar actividades ilegales o contrarias a la buena fe y al orden p\u00fablico;<\/li><li>B) No difundir propaganda o contenidos de car\u00e1cter racista, xen\u00f3fobo, ni locales de apuestas, juegos de azar y azar, cualquier tipo de pornograf\u00eda ilegal, apolog\u00eda del terrorismo o atentatorio contra los derechos humanos;<\/li><li>C) No provocar da\u00f1os en los sistemas f\u00edsicos (hardware) y l\u00f3gicos (software) de BESS SHOP, de sus proveedores o de terceras personas, introducir o difundir virus inform\u00e1ticos o cualesquieras,\u00a0 otros sistemas hardware o software que sean susceptibles de provocar los da\u00f1os anteriormente mencionados.<\/li><\/ul>\t\t\t\t\t\t\t\t<\/div>\n\t\t\t\t<\/div>\n\t\t\t\t<div class=\"elementor-element elementor-element-4fee0cc elementor-widget elementor-widget-heading\" data-id=\"4fee0cc\" data-element_type=\"widget\" data-e-type=\"widget\" data-widget_type=\"heading.default\">\n\t\t\t\t<div class=\"elementor-widget-container\">\n\t\t\t\t\t<h3 class=\"elementor-heading-title elementor-size-default\">Mas informaciones<\/h3>\t\t\t\t<\/div>\n\t\t\t\t<\/div>\n\t\t\t\t<div class=\"elementor-element elementor-element-66e0a9b elementor-widget__width-initial elementor-widget elementor-widget-text-editor\" data-id=\"66e0a9b\" data-element_type=\"widget\" data-e-type=\"widget\" data-widget_type=\"text-editor.default\">\n\t\t\t\t<div class=\"elementor-widget-container\">\n\t\t\t\t\t\t\t\t\t<p>Esperamos que esto\u00a0 se haya aclarado y como se mencion\u00f3 anteriormente, si hay algo que no est\u00e1 seguro de si necesite o no, generalmente es m\u00e1s seguro dejar las cookies habilitadas si interact\u00faa con una de las funciones que usa en nuestro pagina web.<\/p><p>Esta pol\u00edtica es efectiva a partir de julio\/2021.<\/p>\t\t\t\t\t\t\t\t<\/div>\n\t\t\t\t<\/div>\n\t\t\t\t\t<\/div>\n\t\t<\/div>\n\t\t\t\t\t<\/div>\n\t\t<\/section>\n\t\t\t\t<\/div>\n\t\t","protected":false},"excerpt":{"rendered":"<p>Pol\u00edtica de Privacidade Su privacidad es importante para nosotros. La pol\u00edtica de BESS SHOP es respetar su privacidad con respecto a cualquier informaci\u00f3n que podamos recopilar de usted en el sitio web de BESS SHOP y otros sitios web que poseemos y operamos. Solo solicitamos informaci\u00f3n personal cuando realmente la necesitamos para brindarle un servicio. [&hellip;]<\/p>\n","protected":false},"author":3,"featured_media":0,"parent":0,"menu_order":0,"comment_status":"closed","ping_status":"open","template":"","meta":{"site-sidebar-layout":"no-sidebar","site-content-layout":"page-builder","ast-site-content-layout":"default","site-content-style":"default","site-sidebar-style":"default","ast-global-header-display":"","ast-banner-title-visibility":"","ast-main-header-display":"","ast-hfb-above-header-display":"","ast-hfb-below-header-display":"","ast-hfb-mobile-header-display":"","site-post-title":"disabled","ast-breadcrumbs-content":"","ast-featured-img":"disabled","footer-sml-layout":"","ast-disable-related-posts":"","theme-transparent-header-meta":"","adv-header-id-meta":"","stick-header-meta":"","header-above-stick-meta":"","header-main-stick-meta":"","header-below-stick-meta":"","astra-migrate-meta-layouts":"default","ast-page-background-enabled":"default","ast-page-background-meta":{"desktop":{"background-color":"","background-image":"","background-repeat":"repeat","background-position":"center center","background-size":"auto","background-attachment":"scroll","background-type":"","background-media":"","overlay-type":"","overlay-color":"","overlay-opacity":"","overlay-gradient":""},"tablet":{"background-color":"","background-image":"","background-repeat":"repeat","background-position":"center center","background-size":"auto","background-attachment":"scroll","background-type":"","background-media":"","overlay-type":"","overlay-color":"","overlay-opacity":"","overlay-gradient":""},"mobile":{"background-color":"","background-image":"","background-repeat":"repeat","background-position":"center center","background-size":"auto","background-attachment":"scroll","background-type":"","background-media":"","overlay-type":"","overlay-color":"","overlay-opacity":"","overlay-gradient":""}},"ast-content-background-meta":{"desktop":{"background-color":"var(--ast-global-color-5)","background-image":"","background-repeat":"repeat","background-position":"center center","background-size":"auto","background-attachment":"scroll","background-type":"","background-media":"","overlay-type":"","overlay-color":"","overlay-opacity":"","overlay-gradient":""},"tablet":{"background-color":"var(--ast-global-color-5)","background-image":"","background-repeat":"repeat","background-position":"center center","background-size":"auto","background-attachment":"scroll","background-type":"","background-media":"","overlay-type":"","overlay-color":"","overlay-opacity":"","overlay-gradient":""},"mobile":{"background-color":"var(--ast-global-color-5)","background-image":"","background-repeat":"repeat","background-position":"center center","background-size":"auto","background-attachment":"scroll","background-type":"","background-media":"","overlay-type":"","overlay-color":"","overlay-opacity":"","overlay-gradient":""}},"footnotes":""},"class_list":["post-3","page","type-page","status-publish","hentry"],"_links":{"self":[{"href":"https:\/\/www.modeloshostnet.com\/bessshop\/wp-json\/wp\/v2\/pages\/3","targetHints":{"allow":["GET"]}}],"collection":[{"href":"https:\/\/www.modeloshostnet.com\/bessshop\/wp-json\/wp\/v2\/pages"}],"about":[{"href":"https:\/\/www.modeloshostnet.com\/bessshop\/wp-json\/wp\/v2\/types\/page"}],"author":[{"embeddable":true,"href":"https:\/\/www.modeloshostnet.com\/bessshop\/wp-json\/wp\/v2\/users\/3"}],"replies":[{"embeddable":true,"href":"https:\/\/www.modeloshostnet.com\/bessshop\/wp-json\/wp\/v2\/comments?post=3"}],"version-history":[{"count":0,"href":"https:\/\/www.modeloshostnet.com\/bessshop\/wp-json\/wp\/v2\/pages\/3\/revisions"}],"wp:attachment":[{"href":"https:\/\/www.modeloshostnet.com\/bessshop\/wp-json\/wp\/v2\/media?parent=3"}],"curies":[{"name":"wp","href":"https:\/\/api.w.org\/{rel}","templated":true}]}}